{"id":1601,"date":"2019-08-19T09:36:15","date_gmt":"2019-08-19T13:36:15","guid":{"rendered":"https:\/\/insuremykids.com\/contest-rules\/"},"modified":"2020-09-24T14:40:59","modified_gmt":"2020-09-24T18:40:59","slug":"contest-rules","status":"publish","type":"page","link":"https:\/\/insuremykids.com\/fr\/contest-rules\/","title":{"rendered":"R\u00e8gles du concours"},"content":{"rendered":"<div class=\"wpb-content-wrapper\"><p>[vc_row][vc_column width=\u00a0\u00bb1\/1&Prime;][uncode_block id=\u00a0\u00bb36&Prime;][\/vc_column][\/vc_row][vc_row row_height_percent=\u00a0\u00bb0&Prime; override_padding=\u00a0\u00bbyes\u00a0\u00bb h_padding=\u00a0\u00bb2&Prime; top_padding=\u00a0\u00bb5&Prime; bottom_padding=\u00a0\u00bb5&Prime; overlay_alpha=\u00a0\u00bb50&Prime; gutter_size=\u00a0\u00bb3&Prime; column_width_percent=\u00a0\u00bb100&Prime; shift_y=\u00a0\u00bb0&Prime; z_index=\u00a0\u00bb0&Prime; shape_dividers=\u00a0\u00bb\u00a0\u00bb][vc_column width=\u00a0\u00bb1\/1&Prime;][vc_column_text]<\/p>\n<h3>Admissibilit\u00e9<\/h3>\n<p>Tous les r\u00e9sidents canadiens (sauf les r\u00e9sidents des provinces du Manitoba et Qu\u00e9bec) qui ont atteint l\u2019\u00e2ge de la majorit\u00e9 dans leur province\/territoire de r\u00e9sidence sont admissibles \u00e0 participer au concours, sauf les employ\u00e9s de la compagnie, des compagnies affili\u00e9es, agents, agences de publicit\u00e9 et de leurs affili\u00e9s, directeurs, officiers, propri\u00e9taires, partenaires, employ\u00e9s, agents, repr\u00e9sentants, successeurs et cessionnaires respectifs (et les membres de leurs familles imm\u00e9diates et de leurs r\u00e9sidences).<\/p>\n<p>Les bulletins de participation en ligne re\u00e7us apr\u00e8s 23 h 59 HE au 15 novembre 2020 ne seront pas admissibles aux tirages de prix. Les bulletins de participation seront v\u00e9rifi\u00e9s, et frapp\u00e9s de nullit\u00e9 si leur soumission ne conforme pas aux r\u00e8glements du concours.<\/p>\n<h3>Pour participer<\/h3>\n<p>Pour participer au Concours, visitez www.insuremykids.com et remplissez au complet le bulletin de participation \u00e9lectronique en ligne. En cliquez sur le bouton \u00ab Soumettre \u00bb, vous remettez votre nom pour le tirage du concours. Limite d\u2019un bulletin par r\u00e9sidence. Tous les bulletins doivent \u00eatre re\u00e7us avant 23 h 59 du 15 novembre 2020. AUCUN ACHAT N\u2019EST REQUIS pour participer. Lorsque vous achetez cette assurance, votre nom est remis automatiquement au tirage.<\/p>\n<p>Ce concours en ligne d\u00e9bute le 1er ao\u00fbt 2020 \u00e0 0 h 01 HE et se termine le 15 novembre 2020 \u00e0 23 h 59 HE (la \u00ab p\u00e9riode du concours \u00bb), apr\u00e8s quoi aucun autre bulletin ne sera accept\u00e9.<\/p>\n<h3>Les prix<\/h3>\n<p>Un \u00e9couteur sans fil Apple Airpods Pro sera remis \u00e0 chacun des dix (10) gagnants.<\/p>\n<h3>La marche \u00e0 suivre pour gagner<\/h3>\n<p>Le 20 novembre 2020, \u00e0 Hamilton, Ontario, les noms de (10) participants admissibles seront tir\u00e9s au hasard.<\/p>\n<p>\u00c0 partir du 23 novembre 2020 nous essayerons d\u2019entrer en contact avec les participants choisis, au moyen des num\u00e9ros de t\u00e9l\u00e9phone ou adresses courriel indiqu\u00e9s sur les Bulletins officiels \u00e9lectroniques de participation en ligne, entre 9 h 00 HE et 17 h 00 HE pour une p\u00e9riode de cinq (5) jours ouvrables. Si on ne r\u00e9ussit pas \u00e0 rejoindre un participant admissible pendant cette p\u00e9riode, il\/elle ne sera plus admissible \u00e0 gagner et le nom d\u2019un autre participant sera tir\u00e9 et le processus de communication r\u00e9p\u00e9t\u00e9 pour le nouveau participant. Nous ne prendrons contact qu&rsquo;avec les participants admissibles.<\/p>\n<p>Afin d\u2019\u00eatre d\u00e9clar\u00e9 gagnant et afin de recevoir un prix, un gagnant potentiel aura \u00e0 r\u00e9pondre correctement \u00e0 une question d\u2019habilet\u00e9 math\u00e9matique, et ce sans aucune assistance m\u00e9canique ou autre, et le gagnant potentiel doit remplir une d\u00e9claration de d\u00e9charge et indemnit\u00e9 dans les sept (7) jours ouvrables, sinon le prix sera d\u00e9clar\u00e9 forfait, le gagnant potentiel disqualifi\u00e9 et un autre gagnant s\u00e9lectionn\u00e9 au hasard \u00e0 la discr\u00e9tion de la compagnie.<\/p>\n<p>La probabilit\u00e9 de gagner d\u00e9pend du nombre de bulletins \u00e9lectroniques admissibles de participation en ligne re\u00e7us pendant la p\u00e9riode du concours. Un prix par r\u00e9sidence. La compagnie se r\u00e9serve le droit de remettre, annuler ou modifier le tirage du concours. La compagnie n\u2019assume aucune responsabilit\u00e9 si un participant potentiel n\u2019est pas capable de participer \u00e0 un tirage quelconque, quelle que soit la raison.<\/p>\n<h3>R\u00e8glements g\u00e9n\u00e9raux<\/h3>\n<p>Toute d\u00e9cision prise par la compagnie et son agence promotionnelle concernant le lancement du concours en ligne et la s\u00e9lection des gagnants est finale. La d\u00e9cision des adjudicateurs officiels du concours concernant tout sujet aff\u00e9rant au concours, y compris mais non limit\u00e9 \u00e0 l\u2019admissibilit\u00e9, la validit\u00e9, le contenu et\/ou la disqualification d\u2019un bulletin de participation, sont finales et obligatoires en droit sans appel. La remise des prix se fera sous r\u00e9serve d\u2019une v\u00e9rification que les r\u00e8gles du concours aient \u00e9t\u00e9 respect\u00e9es. La v\u00e9rification et livraison des prix prendra approximativement huit (8) \u00e0 dix (10) semaines.<\/p>\n<p>Les prix ne sont pas transf\u00e9rables et doivent \u00eatre accept\u00e9s tels que remis. Aucune substitution des prix n\u2019est permise, mais la compagnie se r\u00e9serve le droit de substituer le prix pour un prix de valeur \u00e9quivalente ou plus importante au cas o\u00f9 le prix n\u2019est pas disponible pour des raisons ind\u00e9pendantes du contr\u00f4le de la compagnie.<\/p>\n<p>La compagnie se r\u00e9serve le droit de remettre, annuler ou modifier ce concours en ligne, quelle que soit la raison, incluant le cas d\u2019un virus ou d\u2019une corruption ou probl\u00e8me technique. La preuve de transmission (une capture d\u2019\u00e9cran ou du jeu, etc.) ne constitue pas une preuve de livraison. Tous les bulletins de participation deviennent la propri\u00e9t\u00e9 de la compagnie et ne seront en aucun cas retourn\u00e9s.<\/p>\n<p>La compagnie se r\u00e9serve le droit d\u2019interdire \u00e0 un individu de participer au concours ou de gagner un prix si la compagnie, \u00e0 sa seule discr\u00e9tion, constate que le participant essaie de saper l\u2019op\u00e9ration l\u00e9gitime du concours par moyen de tricherie, piratage, tromperie ou autres pratiques injustes (y compris le recours \u00e0 des programmes d&rsquo;entr\u00e9e automatique rapides) ou qu\u2019il ait l\u2019intention d\u2019importuner, maltraiter, menacer ou harceler les autres participants ou la compagnie. La compagnie se r\u00e9serve le droit de disqualifier tout participant qui ne se conforme pas \u00e0 ces R\u00e8glements officiels du concours ou qui ne collabore pas dans l\u2019investigation ou enqu\u00eate concernant ladite conformit\u00e9. Toute tentative par un participant ou autre individu d\u2019endommager un site Web d\u00e9lib\u00e9r\u00e9ment ou de saper l\u2019op\u00e9ration l\u00e9gitime de ce concours, y compris mais non limit\u00e9 aux r\u00e9clamations frauduleuses, est une infraction des lois criminelles et civiles. Dans le cas d\u2019une telle tentative, la compagnie se r\u00e9serve le droit de chercher d\u2019exercer un recours et des dommages-int\u00e9r\u00eats de tout individu avec toute la rigueur de la loi. Les participants engag\u00e9s dans les activit\u00e9s pr\u00e9c\u00e9dentes peuvent \u00eatre disqualifi\u00e9s et tout prix gagn\u00e9 sera forfait. La compagnie se r\u00e9serve le droit inconditionnel, \u00e0 sa discr\u00e9tion seule et absolue, de disqualifier tout bulletin de participation soup\u00e7onn\u00e9 d\u2019avoir \u00e9t\u00e9 g\u00e9n\u00e9r\u00e9 par script, macro, robotique, programmation ou autre moyen automatis\u00e9 qui enfreint les R\u00e8glements officiels du concours.<\/p>\n<p>Si la provenance de la soumission d\u2019un bulletin de participation \u00e9lectronique est contest\u00e9e, il sera pr\u00e9sum\u00e9 avoir \u00e9t\u00e9 soumis par le d\u00e9tenteur autoris\u00e9 du compte de l\u2019adresse courriel fourni au moment de participation. Le d\u00e9tenteur autoris\u00e9 du compte signifie la personne physique d\u00e9sign\u00e9e \u00e0 l\u2019adresse courriel par un fournisseur de services en ligne ou d\u2019acc\u00e8s Internet ou autre organisme responsable d&rsquo;attribuer des adresses courriels pour le domaine li\u00e9 avec l&rsquo;adresse courriel soumis.<\/p>\n<p>En prenant part \u00e0 ce concours, les participants et\/ou gagnants acceptent et conviennent de se tenir aux R\u00e8glements officiels du concours et assument la responsabilit\u00e9 pour tous pr\u00e9judices caus\u00e9s ou pr\u00e9tendus par la participation au concours, l\u2019acceptation, possession ou utilisation des prix remis, y compris mais non limit\u00e9 aux r\u00e9clamations\/dommages-int\u00e9r\u00eats quant aux pr\u00e9judices corporelles ou dommages mat\u00e9riels. La compagnie n\u2019assume aucune responsabilit\u00e9 pour les bulletins de participation, avis, r\u00e9ponses qui sont en retard, perdus, mal achemin\u00e9s ou incomplets ou des dysfonctionnements techniques, informatiques, en ligne, d\u2019\u00e9quipements t\u00e9l\u00e9phoniques ou des logiciels qui peuvent compromettre la transmission ou non transmission d\u2019un bulletin de participation. La compagnie n\u2019est pas responsable des erreurs ou impr\u00e9cisions d\u2019informations, qu\u2019elles soient provoqu\u00e9es par les utilisateurs du site Web ou par l\u2019\u00e9quipement ou programmation associ\u00e9s \u00e0 ou utilis\u00e9s dans le concours ou par une erreur technique ou humaine qui pourrait survenir dans l\u2019administration du concours. La compagnie n\u2019assume aucune responsabilit\u00e9 pour les erreurs, omissions, interruptions, suppressions, d\u00e9fectuosit\u00e9s, retards d\u2019op\u00e9ration ou transmission, d\u00e9faillances d\u2019une ligne de communication, le vol ou la destruction ou acc\u00e8s non autoris\u00e9 ou alt\u00e9ration de bulletins de participation. La compagnie n\u2019est pas responsable des pr\u00e9judices ou dommages \u00e0 un participant ou \u00e0 un ordinateur associ\u00e9 \u00e0 ou d\u00e9coulant de la participation ou t\u00e9l\u00e9chargement du mat\u00e9riel de ce concours.<\/p>\n<p>En prenant part \u00e0 ce concours en ligne, tous les gagnants acceptent que la compagnie utilise leurs noms, commentaires, photographies et autres ressemblances \u00e0 des fins publicitaires et accordent \u00e0 la compagnie tous droits \u00e0 leur utilisation sans compensation et ils doivent signer une d\u00e9claration \u00e0 cet \u00e9gard.<\/p>\n<p>Les participants accordent \u00e0 la compagnie le droit de : (a) utiliser ses renseignements personnels aux fins de l&rsquo;administration du concours; (b) utiliser ses nom, ville et province de r\u00e9sidence \u00e0 des fins publicitaires, y compris en ce qui concerne le site Web du concours, les autres sites Web associ\u00e9s et\/ou tout autre m\u00e9dia d\u00e9j\u00e0 connu ou ci-apr\u00e8s l\u00e9gu\u00e9. Les renseignements personnels ne seront pas fournis aux tiers autrement que pr\u00e9vu dans les R\u00e8glements du concours. Les participants accordent \u00e0 la compagnie et aux agents tiers le droit de : (a) les contacter afin de mener des sondages et (b) leur aviser concernant les concours futurs. La compagnie et les agents tiers de la compagnie prot\u00e9geront tous renseignements personnels d\u2019une mani\u00e8re qui conforme \u00e0 la Politique de confidentialit\u00e9 de la compagnie, laquelle est accessible en cliquant sur : Politique de confidentialit\u00e9 de Old Republic, Compagnie d&rsquo;assurance du Canada.<\/p>\n<p>Ce sont les R\u00e8glements officiels du concours. Ce concours est administr\u00e9 sous r\u00e9serve des lois et r\u00e8glements f\u00e9d\u00e9raux, provinciaux et municipaux applicables. Ces R\u00e8glements du concours peuvent \u00eatre chang\u00e9s sans pr\u00e9avis afin de conformer aux lois f\u00e9d\u00e9rales, provinciales ou municipales ou la politique d\u2019un autre organisme ayant juridiction sur la compagnie.<\/p>\n<p>[\/vc_column_text][\/vc_column][\/vc_row]<\/p>\n<\/div>","protected":false},"excerpt":{"rendered":"<p>[vc_row][vc_column width=\u00a0\u00bb1\/1&Prime;][uncode_block id=\u00a0\u00bb36&Prime;][\/vc_column][\/vc_row][vc_row row_height_percent=\u00a0\u00bb0&Prime; override_padding=\u00a0\u00bbyes\u00a0\u00bb h_padding=\u00a0\u00bb2&Prime; top_padding=\u00a0\u00bb5&Prime; bottom_padding=\u00a0\u00bb5&Prime; overlay_alpha=\u00a0\u00bb50&Prime; gutter_size=\u00a0\u00bb3&Prime; column_width_percent=\u00a0\u00bb100&Prime; shift_y=\u00a0\u00bb0&Prime; z_index=\u00a0\u00bb0&Prime; shape_dividers=\u00a0\u00bb\u00a0\u00bb][vc_column width=\u00a0\u00bb1\/1&Prime;][vc_column_text] Admissibilit\u00e9 Tous les r\u00e9sidents canadiens [&hellip;]<\/p>\n","protected":false},"author":12,"featured_media":0,"parent":0,"menu_order":0,"comment_status":"closed","ping_status":"closed","template":"","meta":{"inline_featured_image":false,"footnotes":""},"class_list":["post-1601","page","type-page","status-publish","hentry"],"yoast_head":"<!-- This site is optimized with the Yoast SEO plugin v27.5 - https:\/\/yoast.com\/product\/yoast-seo-wordpress\/ -->\n<title>R\u00e8gles du concours - Insuremykids<\/title>\n<meta name=\"robots\" content=\"noindex, follow, max-snippet:-1, max-image-preview:large, max-video-preview:-1\" \/>\n<meta property=\"og:locale\" content=\"fr_FR\" \/>\n<meta property=\"og:type\" content=\"article\" \/>\n<meta property=\"og:title\" content=\"R\u00e8gles du concours - Insuremykids\" \/>\n<meta property=\"og:description\" content=\"[vc_row][vc_column width=\u00a0\u00bb1\/1&Prime;][uncode_block id=\u00a0\u00bb36&Prime;][\/vc_column][\/vc_row][vc_row row_height_percent=\u00a0\u00bb0&Prime; override_padding=\u00a0\u00bbyes\u00a0\u00bb h_padding=\u00a0\u00bb2&Prime; top_padding=\u00a0\u00bb5&Prime; bottom_padding=\u00a0\u00bb5&Prime; overlay_alpha=\u00a0\u00bb50&Prime; gutter_size=\u00a0\u00bb3&Prime; column_width_percent=\u00a0\u00bb100&Prime; shift_y=\u00a0\u00bb0&Prime; z_index=\u00a0\u00bb0&Prime; shape_dividers=\u00a0\u00bb\u00a0\u00bb][vc_column width=\u00a0\u00bb1\/1&Prime;][vc_column_text] Admissibilit\u00e9 Tous les r\u00e9sidents canadiens [&hellip;]\" \/>\n<meta property=\"og:url\" content=\"https:\/\/insuremykids.com\/fr\/contest-rules\/\" \/>\n<meta property=\"og:site_name\" content=\"Insuremykids\" \/>\n<meta property=\"article:modified_time\" content=\"2020-09-24T18:40:59+00:00\" \/>\n<meta name=\"twitter:card\" content=\"summary_large_image\" \/>\n<meta name=\"twitter:label1\" content=\"Dur\u00e9e de lecture estim\u00e9e\" \/>\n\t<meta name=\"twitter:data1\" content=\"8 minutes\" \/>\n<script type=\"application\/ld+json\" class=\"yoast-schema-graph\">{\"@context\":\"https:\\\/\\\/schema.org\",\"@graph\":[{\"@type\":\"WebPage\",\"@id\":\"https:\\\/\\\/insuremykids.com\\\/fr\\\/contest-rules\\\/\",\"url\":\"https:\\\/\\\/insuremykids.com\\\/fr\\\/contest-rules\\\/\",\"name\":\"R\u00e8gles du concours - Insuremykids\",\"isPartOf\":{\"@id\":\"https:\\\/\\\/insuremykids.com\\\/fr\\\/#website\"},\"datePublished\":\"2019-08-19T13:36:15+00:00\",\"dateModified\":\"2020-09-24T18:40:59+00:00\",\"breadcrumb\":{\"@id\":\"https:\\\/\\\/insuremykids.com\\\/fr\\\/contest-rules\\\/#breadcrumb\"},\"inLanguage\":\"fr-FR\",\"potentialAction\":[{\"@type\":\"ReadAction\",\"target\":[\"https:\\\/\\\/insuremykids.com\\\/fr\\\/contest-rules\\\/\"]}]},{\"@type\":\"BreadcrumbList\",\"@id\":\"https:\\\/\\\/insuremykids.com\\\/fr\\\/contest-rules\\\/#breadcrumb\",\"itemListElement\":[{\"@type\":\"ListItem\",\"position\":1,\"name\":\"Home\",\"item\":\"https:\\\/\\\/insuremykids.com\\\/fr\\\/\"},{\"@type\":\"ListItem\",\"position\":2,\"name\":\"R\u00e8gles du concours\"}]},{\"@type\":\"WebSite\",\"@id\":\"https:\\\/\\\/insuremykids.com\\\/fr\\\/#website\",\"url\":\"https:\\\/\\\/insuremykids.com\\\/fr\\\/\",\"name\":\"Insuremykids\",\"description\":\"\",\"potentialAction\":[{\"@type\":\"SearchAction\",\"target\":{\"@type\":\"EntryPoint\",\"urlTemplate\":\"https:\\\/\\\/insuremykids.com\\\/fr\\\/?s={search_term_string}\"},\"query-input\":{\"@type\":\"PropertyValueSpecification\",\"valueRequired\":true,\"valueName\":\"search_term_string\"}}],\"inLanguage\":\"fr-FR\"}]}<\/script>\n<!-- \/ Yoast SEO plugin. -->","yoast_head_json":{"title":"R\u00e8gles du concours - Insuremykids","robots":{"index":"noindex","follow":"follow","max-snippet":"max-snippet:-1","max-image-preview":"max-image-preview:large","max-video-preview":"max-video-preview:-1"},"og_locale":"fr_FR","og_type":"article","og_title":"R\u00e8gles du concours - Insuremykids","og_description":"[vc_row][vc_column width=\u00a0\u00bb1\/1&Prime;][uncode_block id=\u00a0\u00bb36&Prime;][\/vc_column][\/vc_row][vc_row row_height_percent=\u00a0\u00bb0&Prime; override_padding=\u00a0\u00bbyes\u00a0\u00bb h_padding=\u00a0\u00bb2&Prime; top_padding=\u00a0\u00bb5&Prime; bottom_padding=\u00a0\u00bb5&Prime; overlay_alpha=\u00a0\u00bb50&Prime; gutter_size=\u00a0\u00bb3&Prime; column_width_percent=\u00a0\u00bb100&Prime; shift_y=\u00a0\u00bb0&Prime; z_index=\u00a0\u00bb0&Prime; shape_dividers=\u00a0\u00bb\u00a0\u00bb][vc_column width=\u00a0\u00bb1\/1&Prime;][vc_column_text] Admissibilit\u00e9 Tous les r\u00e9sidents canadiens [&hellip;]","og_url":"https:\/\/insuremykids.com\/fr\/contest-rules\/","og_site_name":"Insuremykids","article_modified_time":"2020-09-24T18:40:59+00:00","twitter_card":"summary_large_image","twitter_misc":{"Dur\u00e9e de lecture estim\u00e9e":"8 minutes"},"schema":{"@context":"https:\/\/schema.org","@graph":[{"@type":"WebPage","@id":"https:\/\/insuremykids.com\/fr\/contest-rules\/","url":"https:\/\/insuremykids.com\/fr\/contest-rules\/","name":"R\u00e8gles du concours - Insuremykids","isPartOf":{"@id":"https:\/\/insuremykids.com\/fr\/#website"},"datePublished":"2019-08-19T13:36:15+00:00","dateModified":"2020-09-24T18:40:59+00:00","breadcrumb":{"@id":"https:\/\/insuremykids.com\/fr\/contest-rules\/#breadcrumb"},"inLanguage":"fr-FR","potentialAction":[{"@type":"ReadAction","target":["https:\/\/insuremykids.com\/fr\/contest-rules\/"]}]},{"@type":"BreadcrumbList","@id":"https:\/\/insuremykids.com\/fr\/contest-rules\/#breadcrumb","itemListElement":[{"@type":"ListItem","position":1,"name":"Home","item":"https:\/\/insuremykids.com\/fr\/"},{"@type":"ListItem","position":2,"name":"R\u00e8gles du concours"}]},{"@type":"WebSite","@id":"https:\/\/insuremykids.com\/fr\/#website","url":"https:\/\/insuremykids.com\/fr\/","name":"Insuremykids","description":"","potentialAction":[{"@type":"SearchAction","target":{"@type":"EntryPoint","urlTemplate":"https:\/\/insuremykids.com\/fr\/?s={search_term_string}"},"query-input":{"@type":"PropertyValueSpecification","valueRequired":true,"valueName":"search_term_string"}}],"inLanguage":"fr-FR"}]}},"_links":{"self":[{"href":"https:\/\/insuremykids.com\/fr\/wp-json\/wp\/v2\/pages\/1601","targetHints":{"allow":["GET"]}}],"collection":[{"href":"https:\/\/insuremykids.com\/fr\/wp-json\/wp\/v2\/pages"}],"about":[{"href":"https:\/\/insuremykids.com\/fr\/wp-json\/wp\/v2\/types\/page"}],"author":[{"embeddable":true,"href":"https:\/\/insuremykids.com\/fr\/wp-json\/wp\/v2\/users\/12"}],"replies":[{"embeddable":true,"href":"https:\/\/insuremykids.com\/fr\/wp-json\/wp\/v2\/comments?post=1601"}],"version-history":[{"count":6,"href":"https:\/\/insuremykids.com\/fr\/wp-json\/wp\/v2\/pages\/1601\/revisions"}],"predecessor-version":[{"id":2319,"href":"https:\/\/insuremykids.com\/fr\/wp-json\/wp\/v2\/pages\/1601\/revisions\/2319"}],"wp:attachment":[{"href":"https:\/\/insuremykids.com\/fr\/wp-json\/wp\/v2\/media?parent=1601"}],"curies":[{"name":"wp","href":"https:\/\/api.w.org\/{rel}","templated":true}]}}