{"id":1168,"date":"2019-07-28T12:43:34","date_gmt":"2019-07-28T16:43:34","guid":{"rendered":"https:\/\/insuremykids.com\/?page_id=1168"},"modified":"2020-03-30T15:50:25","modified_gmt":"2020-03-30T19:50:25","slug":"faqs","status":"publish","type":"page","link":"https:\/\/insuremykids.com\/fr\/ressources\/faqs\/","title":{"rendered":"Questions fr\u00e9quentes"},"content":{"rendered":"<div class=\"wpb-content-wrapper\"><p>[vc_row][vc_column width=\u00a0\u00bb1\/1&Prime;][uncode_block id=\u00a0\u00bb36&Prime;][\/vc_column][\/vc_row][vc_row row_height_percent=\u00a0\u00bb0&Prime; back_image=\u00a0\u00bb706&Prime; back_repeat=\u00a0\u00bbno-repeat\u00a0\u00bb parallax=\u00a0\u00bbyes\u00a0\u00bb overlay_alpha=\u00a0\u00bb50&Prime; gutter_size=\u00a0\u00bb3&Prime; column_width_percent=\u00a0\u00bb100&Prime; shift_y=\u00a0\u00bb0&Prime; z_index=\u00a0\u00bb0&Prime; row_height_pixel=\u00a0\u00bb350&Prime;][vc_column width=\u00a0\u00bb1\/1&Prime;][\/vc_column][\/vc_row][vc_row row_height_percent=\u00a0\u00bb0&Prime; override_padding=\u00a0\u00bbyes\u00a0\u00bb h_padding=\u00a0\u00bb2&Prime; top_padding=\u00a0\u00bb5&Prime; bottom_padding=\u00a0\u00bb2&Prime; overlay_alpha=\u00a0\u00bb50&Prime; gutter_size=\u00a0\u00bb3&Prime; column_width_percent=\u00a0\u00bb100&Prime; shift_y=\u00a0\u00bb0&Prime; z_index=\u00a0\u00bb0&Prime; shape_dividers=\u00a0\u00bb\u00a0\u00bb][vc_column width=\u00a0\u00bb1\/1&Prime;]<ul class=\"faq-tab-nav\">\n\t<li><a href=\"#faq-content-23\" class=\"faq-tab active\">FAQ \u00e0 propos des atouts des plans<\/a><\/li>\n\t<li><a href=\"#faq-content-24\" class=\"faq-tab \">FAQ d\u2019admissibilit\u00e9<\/a><\/li>\n\t<li><a href=\"#faq-content-25\" class=\"faq-tab \">FAQ \u00e0 propos de l\u2019achat<\/a><\/li>\n\t<li><a href=\"#faq-content-26\" class=\"faq-tab \">FAQ g\u00e9n\u00e9rales<\/a><\/li>\n<\/ul>\n\n\t<div id=\"faq-content-23\" class=\"faq-tab-content active\">\n\n\t\t<div class=\"faq-accordion-container\">\n\n\t\t\t\n\t\t\t\t<h4 class=\"faq-question-heading\"><a href=\"#faq-answer-1243\" class=\"faq-question active\">1. Quand s\u2019applique la couverture? <i class=\"fa fa-angle-right\"><\/i><\/a><\/h4>\n\t\t\t\t<div id=\"faq-answer-1243\" class=\"faq-answer active\">\n\t\t\t\t\t<p>La couverture s\u2019applique 24\/7.<\/p>\n\t\t\t\t<\/div>\n\n\t\t\t\n\t\t\t\t<h4 class=\"faq-question-heading\"><a href=\"#faq-answer-1244\" class=\"faq-question \">2. Quelle est la diff\u00e9rence entre les types de plan? <i class=\"fa fa-angle-right\"><\/i><\/a><\/h4>\n\t\t\t\t<div id=\"faq-answer-1244\" class=\"faq-answer \">\n\t\t\t\t\t<p>Les r\u00e9gimes Platine, Or et Argent accordent tous une couverture 24 heures sur 24, 7 jours sur 7, mais les indemnit\u00e9s et les limites d\u2019indemnit\u00e9 sont diff\u00e9rentes.  Le r\u00e9gime Platine est notre produit vedette; c\u2019est le seul plan qui offre une couverture d\u2019assurance voyage, incluant une indemnisation jusqu\u2019\u00e0 200 000 $ pour les frais m\u00e9dicaux d\u2019urgence hors province.  Si votre enfant participe \u00e0 un voyage hors province ou hors pays, ce r\u00e9gime est le meilleur choix.  Pour survoler les plans rapidement, consultez la page Comparer les plans.<\/p>\n\t\t\t\t<\/div>\n\n\t\t\t\n\t\t\t\t<h4 class=\"faq-question-heading\"><a href=\"#faq-answer-1245\" class=\"faq-question \">3. Mon enfant est-il couvert s\u2019il tombe malade pendant un voyage hors province\/pays? <i class=\"fa fa-angle-right\"><\/i><\/a><\/h4>\n\t\t\t\t<div id=\"faq-answer-1245\" class=\"faq-answer \">\n\t\t\t\t\t<p>Oui, aux termes du r\u00e9gime Platine seulement. Il y a jusqu\u2019\u00e0 200 000 $ de couverture de Frais m\u00e9dicaux d\u2019urgence. Les indemnit\u00e9s de voyage s\u2019applique aux \u00e9tudiants de 20 ans ou moins. Toutes les modalit\u00e9s de la police sont applicables.<\/p>\n\t\t\t\t<\/div>\n\n\t\t\t\n\t\t\t\t<h4 class=\"faq-question-heading\"><a href=\"#faq-answer-1246\" class=\"faq-question \">4. Quels types de d\u00e9penses dentaires sont couverts? <i class=\"fa fa-angle-right\"><\/i><\/a><\/h4>\n\t\t\t\t<div id=\"faq-answer-1246\" class=\"faq-answer \">\n\t\t\t\t\t<p>La police couvre le traitement dentaire, le traitement de suivi, le traitement orthodontique et les implants dentaires si votre enfant en a besoin \u00e0 cause d\u2019un accident.  Si un dentiste atteste que les dents de votre enfant sont encore en d\u00e9veloppement et qu\u2019il n\u00e9cessitera du traitement apr\u00e8s 10 ans \u00e0 cause de l\u2019accident, la police le couvre.  Si votre enfant se brise la proth\u00e8se dentaire \u00e0 cause d\u2019un accident, la police la couvre aussi.<\/p>\n\t\t\t\t<\/div>\n\n\t\t\t\n\t\t\t\t<h4 class=\"faq-question-heading\"><a href=\"#faq-answer-1247\" class=\"faq-question \">5. Quels types de d\u00e9penses sont couvertes pour les soins des yeux? <i class=\"fa fa-angle-right\"><\/i><\/a><\/h4>\n\t\t\t\t<div id=\"faq-answer-1247\" class=\"faq-answer \">\n\t\t\t\t\t<p>La police aide \u00e0 payer pour lunettes ou lentilles de contact si l\u2019enfant:<\/p>\n<p>a) les brise ou endommage; ou<br \/>\nb) les n\u00e9cessite pour la premi\u00e8re fois.<\/p>\n<p>Selon a) et b), l\u2019indemnit\u00e9 s\u2019applique seulement si l\u2019enfant a un accident et se fait traiter par un m\u00e9decin.<\/p>\n\t\t\t\t<\/div>\n\n\t\t\t\n\t\t\t\t<h4 class=\"faq-question-heading\"><a href=\"#faq-answer-1248\" class=\"faq-question \">6. La physioth\u00e9rapie est-elle couverte? <i class=\"fa fa-angle-right\"><\/i><\/a><\/h4>\n\t\t\t\t<div id=\"faq-answer-1248\" class=\"faq-answer \">\n\t\t\t\t\t<p>Oui.  La police couvre 5 types de traitement param\u00e9dical incluant la physioth\u00e9rapie si le m\u00e9decin de votre enfant atteste qu\u2019il en a besoin \u00e0 cause d\u2019un accident.<\/p>\n\t\t\t\t<\/div>\n\n\t\t\t\t\t\t\n\t\t<\/div>\n\n\t<\/div>\n\t<div id=\"faq-content-24\" class=\"faq-tab-content \">\n\n\t\t<div class=\"faq-accordion-container\">\n\n\t\t\t\n\t\t\t\t<h4 class=\"faq-question-heading\"><a href=\"#faq-answer-1249\" class=\"faq-question active\">1. Qui est admissible? <i class=\"fa fa-angle-right\"><\/i><\/a><\/h4>\n\t\t\t\t<div id=\"faq-answer-1249\" class=\"faq-answer active\">\n\t\t\t\t\t<p>Pour \u00eatre admissible \u00e0 souscrire cette couverture, l\u2019\u00e9tudiant doit:<\/p>\n<ol>\n<li>avoir plus de 6 mois; et<\/li>\n<li>avoir moins de 27 ans; et<\/li>\n<li>demeurer au Canada, sauf le Qu\u00e9bec.<\/li>\n<\/ol>\n<p>Si l\u2019\u00e9tudiant a 14 ans ou plus \u00e0 n\u2019importe quel moment pendant la P\u00e9riode de couverture, il doit \u00eatre \u00e9tudiant \u00e0 temps plein dans les 12 mois avant la r\u00e9clamation. \u00c9tudiant \u00e0 temps plein signifie inscrit \u00e0 un minimum de 3 cours simultan\u00e9s pendant n\u2019importe quelle p\u00e9riode de 4 mois.<\/p>\n\t\t\t\t<\/div>\n\n\t\t\t\n\t\t\t\t<h4 class=\"faq-question-heading\"><a href=\"#faq-answer-1250\" class=\"faq-question \">2. Un \u00e9tudiant universitaire\/coll\u00e9gial peut-il souscrire cette assurance? <i class=\"fa fa-angle-right\"><\/i><\/a><\/h4>\n\t\t\t\t<div id=\"faq-answer-1250\" class=\"faq-answer \">\n\t\t\t\t\t<p><span style=\"font-weight: 400;\">Oui, s&rsquo;il est \u00e2g\u00e9 de moins de 27 ans et satisfait aux Conditions d\u2019admissibilit\u00e9 \u00e9nonc\u00e9es dans la r\u00e9ponse \u00e0 la Question n<\/span><span style=\"font-weight: 400;\"><sup>o<\/sup><\/span><span style=\"font-weight: 400;\"> 1 plus haut.<\/span><\/p>\n\t\t\t\t<\/div>\n\n\t\t\t\n\t\t\t\t<h4 class=\"faq-question-heading\"><a href=\"#faq-answer-1251\" class=\"faq-question \">3. Mon enfant est inscrit dans une \u00e9cole priv\u00e9e.  Puis-je souscrire cette assurance pour lui\/elle? <i class=\"fa fa-angle-right\"><\/i><\/a><\/h4>\n\t\t\t\t<div id=\"faq-answer-1251\" class=\"faq-answer \">\n\t\t\t\t\t<p>Oui, si l&rsquo;enfant satisfait aux Conditions d\u2019admissibilit\u00e9 \u00e9nonc\u00e9es dans la r\u00e9ponse \u00e0 la Question n<sup>o<\/sup> 1 plus haut.<\/p>\n\t\t\t\t<\/div>\n\n\t\t\t\n\t\t\t\t<h4 class=\"faq-question-heading\"><a href=\"#faq-answer-1253\" class=\"faq-question \">4. Y a-t-il une limite d\u2019\u00e2ge pour cette assurance? <i class=\"fa fa-angle-right\"><\/i><\/a><\/h4>\n\t\t\t\t<div id=\"faq-answer-1253\" class=\"faq-answer \">\n\t\t\t\t\t<p>Oui. Les personnes \u00e2g\u00e9es entre 6 mois et 27 ans peuvent souscrire cette assurance. Si la personne a 21 ans ou plus, quelques indemnit\u00e9s sont limit\u00e9es. Lisez la police enti\u00e8re pour tous les d\u00e9tails.<\/p>\n\t\t\t\t<\/div>\n\n\t\t\t\t\t\t\n\t\t<\/div>\n\n\t<\/div>\n\t<div id=\"faq-content-25\" class=\"faq-tab-content \">\n\n\t\t<div class=\"faq-accordion-container\">\n\n\t\t\t\n\t\t\t\t<h4 class=\"faq-question-heading\"><a href=\"#faq-answer-1254\" class=\"faq-question active\">1. Est-ce que la prime est un taux mensuel ou annuel? <i class=\"fa fa-angle-right\"><\/i><\/a><\/h4>\n\t\t\t\t<div id=\"faq-answer-1254\" class=\"faq-answer active\">\n\t\t\t\t\t<p>Vous payez la prime en un seul versement.<\/p>\n<p><em>Option de renouvellement automatique.<\/em>\u00a0 Pour plus de commodit\u00e9, nous offrons maintenant l\u2019option de renouvellement automatique.\u00a0 Vous souscrivez une fois et chaque ann\u00e9e les frais seront factur\u00e9s \u00e0 votre carte de cr\u00e9dit et une police sera \u00e9mise.\u00a0 <a href=\"#automatic-renewal-learn-more\"><em><u>En savoir +<\/u><\/em><\/a><\/p>\n\t\t\t\t<\/div>\n\n\t\t\t\n\t\t\t\t<h4 class=\"faq-question-heading\"><a href=\"#faq-answer-1255\" class=\"faq-question \">2. La prime est-elle distribu\u00e9e au pro-rata? <i class=\"fa fa-angle-right\"><\/i><\/a><\/h4>\n\t\t\t\t<div id=\"faq-answer-1255\" class=\"faq-answer \">\n\t\t\t\t\t<p>Non, la prime est un taux \u00e0 paiement unique et int\u00e9gral.<\/p>\n\t\t\t\t<\/div>\n\n\t\t\t\n\t\t\t\t<h4 class=\"faq-question-heading\"><a href=\"#faq-answer-1256\" class=\"faq-question \">3. Comment puis-je souscrire un r\u00e9gime? <i class=\"fa fa-angle-right\"><\/i><\/a><\/h4>\n\t\t\t\t<div id=\"faq-answer-1256\" class=\"faq-answer \">\n\t\t\t\t\t<p>Vous pouvez soit :<\/p>\n<ul class=\"style-letters\">\n<li>Faire l\u2019achat en ligne;<\/li>\n<li>Nous t\u00e9l\u00e9phoner au 1 800 463-5437;<\/li>\n<li>T\u00e9l\u00e9charger une demande et nous l\u2019adresser par la poste \u00e0 :<br \/>\nOld Republic, Compagnie d\u2019assurance du Canada \u2013 Assurance insuremykids\u00ae<br \/>\n100 rue King Ouest, Suite 1100 | Hamilton ON L8P 1A2<\/li>\n<\/ul>\n\t\t\t\t<\/div>\n\n\t\t\t\n\t\t\t\t<h4 class=\"faq-question-heading\"><a href=\"#faq-answer-1257\" class=\"faq-question \">4. Les non-citoyens et les personnes sans assurance maladie gouvernementale peuvent-ils souscrire un plan? <i class=\"fa fa-angle-right\"><\/i><\/a><\/h4>\n\t\t\t\t<div id=\"faq-answer-1257\" class=\"faq-answer \">\n\t\t\t\t\t<p>Oui.  Nos plans couvrent les non-citoyens et les non-adh\u00e9rents d\u2019une assurance maladie gouvernementale.  Cependant, pour les non adh\u00e9rents d\u2019un RAMG, l\u2019indemnit\u00e9 pour Chambre d\u2019h\u00f4pital n\u2019est pas disponible et l\u2019indemnit\u00e9 de Frais m\u00e9dicaux d\u2019urgence hors province sous le r\u00e9gime Platine est limit\u00e9e \u00e0 5 000 $.<\/p>\n\t\t\t\t<\/div>\n\n\t\t\t\n\t\t\t\t<h4 class=\"faq-question-heading\"><a href=\"#faq-answer-1258\" class=\"faq-question \">5. Mes enfants \u00e9tudient \u00e0 de diff\u00e9rentes \u00e9coles.  Puis-je souscrire l\u2019assurance une fois pour tous? <i class=\"fa fa-angle-right\"><\/i><\/a><\/h4>\n\t\t\t\t<div id=\"faq-answer-1258\" class=\"faq-answer \">\n\t\t\t\t\t<p>Oui.<\/p>\n<p><em>S\u2019il s\u2019agit d\u2019un m\u00eame conseil scolaire : <\/em>Vous pouvez souscrire en ligne.\u00a0 On vous demandera de remplir les noms des \u00e9coles de chaque enfant pour lequel vous souscrivez une assurance.<\/p>\n<p><em>S\u2019il s\u2019agit de diff\u00e9rents conseils scolaires ou d\u2019un coll\u00e8ge\/<\/em><em>universit\u00e9 :<\/em> Veuillez nous appeler au 800 463-5437 pour souscrire.<\/p>\n<p>&nbsp;<\/p>\n\t\t\t\t<\/div>\n\n\t\t\t\n\t\t\t\t<h4 class=\"faq-question-heading\"><a href=\"#faq-answer-1259\" class=\"faq-question \">6. Un de mes enfants est inscrit dans une \u00e9cole catholique et l&rsquo;autre dans une \u00e9cole publique. Puis-je souscrire l&rsquo;assurance une fois pour tous? <i class=\"fa fa-angle-right\"><\/i><\/a><\/h4>\n\t\t\t\t<div id=\"faq-answer-1259\" class=\"faq-answer \">\n\t\t\t\t\t<p>Oui, veuillez nous appeler au 800 463-5437 pour souscrire.<\/p>\n\t\t\t\t<\/div>\n\n\t\t\t\n\t\t\t\t<h4 class=\"faq-question-heading\"><a href=\"#faq-answer-1260\" class=\"faq-question \">7. Est-ce que je recevrai une police ou une confirmation d\u2019assurance? <i class=\"fa fa-angle-right\"><\/i><\/a><\/h4>\n\t\t\t\t<div id=\"faq-answer-1260\" class=\"faq-answer \">\n\t\t\t\t\t<p>Oui.  En achetant l\u2019assurance vous pouvez pr\u00e9ciser de vous faire parvenir la brochure de police et la confirmation par courriel ou par la poste.<\/p>\n\t\t\t\t<\/div>\n\n\t\t\t\t\t\t\n\t\t<\/div>\n\n\t<\/div>\n\t<div id=\"faq-content-26\" class=\"faq-tab-content \">\n\n\t\t<div class=\"faq-accordion-container\">\n\n\t\t\t\n\t\t\t\t<h4 class=\"faq-question-heading\"><a href=\"#faq-answer-1261\" class=\"faq-question active\">1. Quand est-ce que ma police entre en vigueur? <i class=\"fa fa-angle-right\"><\/i><\/a><\/h4>\n\t\t\t\t<div id=\"faq-answer-1261\" class=\"faq-answer active\">\n\t\t\t\t\t<p>La couverture d\u00e9bute \u00e0 la date o\u00f9 nous, Old Republic, Compagnie d\u2019assurance du Canada, ou notre repr\u00e9sentant autoris\u00e9 recevons votre demande remplie et la prime.<\/p>\n\t\t\t\t<\/div>\n\n\t\t\t\n\t\t\t\t<h4 class=\"faq-question-heading\"><a href=\"#faq-answer-1262\" class=\"faq-question \">2. Quand est-ce que ma police prend fin? <i class=\"fa fa-angle-right\"><\/i><\/a><\/h4>\n\t\t\t\t<div id=\"faq-answer-1262\" class=\"faq-answer \">\n\t\t\t\t\t<p>La couverture de tous les r\u00e9gimes prend fin au plus t\u00f4t entre : a) la date d\u2019expiration inscrite sur la confirmation de couverture ou b) la date o\u00f9 l\u2019assur\u00e9 cesse de satisfaire aux conditions d\u2019admissibilit\u00e9.<\/p>\n\t\t\t\t<\/div>\n\n\t\t\t\n\t\t\t\t<h4 class=\"faq-question-heading\"><a href=\"#faq-answer-1263\" class=\"faq-question \">3. Puis-je changer mon r\u00e9gime? <i class=\"fa fa-angle-right\"><\/i><\/a><\/h4>\n\t\t\t\t<div id=\"faq-answer-1263\" class=\"faq-answer \">\n\t\t\t\t\t<p>Oui. Dans ce cas, veuillez nous contacter au Service \u00e0 la client\u00e8le au <a href=\"mailto:IMKadmin@insuremykids.com\">IMKadmin@insuremykids.com<\/a><\/p>\n\t\t\t\t<\/div>\n\n\t\t\t\n\t\t\t\t<h4 class=\"faq-question-heading\"><a href=\"#faq-answer-1264\" class=\"faq-question \">4. Nous d\u00e9m\u00e9nageons. Est-ce que mon enfant sera encore assur\u00e9? <i class=\"fa fa-angle-right\"><\/i><\/a><\/h4>\n\t\t\t\t<div id=\"faq-answer-1264\" class=\"faq-answer \">\n\t\t\t\t\t<p>Oui.\u00a0 \u00c0 condition qu\u2019il demeure encore au Canada. S\u2019il a 14 ans ou plus, il doit toujours \u00eatre \u00e9tudiant \u00e0 temps plein (tel que d\u00e9fini dans la police).<\/p>\n\t\t\t\t<\/div>\n\n\t\t\t\t\t\t\n\t\t<\/div>\n\n\t<\/div>\n[\/vc_column][\/vc_row][vc_row][vc_column width=\u00a0\u00bb1\/1&Prime;][uncode_block id=\u00a0\u00bb700&Prime;][\/vc_column][\/vc_row]<\/p>\n<\/div>","protected":false},"excerpt":{"rendered":"<p>[vc_row][vc_column width=\u00a0\u00bb1\/1&Prime;][uncode_block id=\u00a0\u00bb36&Prime;][\/vc_column][\/vc_row][vc_row row_height_percent=\u00a0\u00bb0&Prime; back_image=\u00a0\u00bb706&Prime; back_repeat=\u00a0\u00bbno-repeat\u00a0\u00bb parallax=\u00a0\u00bbyes\u00a0\u00bb overlay_alpha=\u00a0\u00bb50&Prime; gutter_size=\u00a0\u00bb3&Prime; column_width_percent=\u00a0\u00bb100&Prime; shift_y=\u00a0\u00bb0&Prime; z_index=\u00a0\u00bb0&Prime; row_height_pixel=\u00a0\u00bb350&Prime;][vc_column width=\u00a0\u00bb1\/1&Prime;][\/vc_column][\/vc_row][vc_row row_height_percent=\u00a0\u00bb0&Prime; override_padding=\u00a0\u00bbyes\u00a0\u00bb h_padding=\u00a0\u00bb2&Prime; top_padding=\u00a0\u00bb5&Prime; bottom_padding=\u00a0\u00bb2&Prime; overlay_alpha=\u00a0\u00bb50&Prime; [&hellip;]<\/p>\n","protected":false},"author":12,"featured_media":0,"parent":1164,"menu_order":0,"comment_status":"closed","ping_status":"closed","template":"","meta":{"inline_featured_image":false,"footnotes":""},"class_list":["post-1168","page","type-page","status-publish","hentry"],"yoast_head":"<!-- This site is optimized with the Yoast SEO plugin v27.5 - https:\/\/yoast.com\/product\/yoast-seo-wordpress\/ -->\n<title>Questions fr\u00e9quentes | Insuremykids<\/title>\n<meta name=\"robots\" content=\"noindex, follow, max-snippet:-1, max-image-preview:large, max-video-preview:-1\" \/>\n<meta property=\"og:locale\" content=\"fr_FR\" \/>\n<meta property=\"og:type\" content=\"article\" \/>\n<meta property=\"og:title\" content=\"Questions fr\u00e9quentes | Insuremykids\" \/>\n<meta property=\"og:description\" content=\"[vc_row][vc_column width=\u00a0\u00bb1\/1&Prime;][uncode_block id=\u00a0\u00bb36&Prime;][\/vc_column][\/vc_row][vc_row row_height_percent=\u00a0\u00bb0&Prime; back_image=\u00a0\u00bb706&Prime; back_repeat=\u00a0\u00bbno-repeat\u00a0\u00bb parallax=\u00a0\u00bbyes\u00a0\u00bb overlay_alpha=\u00a0\u00bb50&Prime; gutter_size=\u00a0\u00bb3&Prime; column_width_percent=\u00a0\u00bb100&Prime; shift_y=\u00a0\u00bb0&Prime; z_index=\u00a0\u00bb0&Prime; row_height_pixel=\u00a0\u00bb350&Prime;][vc_column width=\u00a0\u00bb1\/1&Prime;][\/vc_column][\/vc_row][vc_row row_height_percent=\u00a0\u00bb0&Prime; override_padding=\u00a0\u00bbyes\u00a0\u00bb h_padding=\u00a0\u00bb2&Prime; top_padding=\u00a0\u00bb5&Prime; bottom_padding=\u00a0\u00bb2&Prime; overlay_alpha=\u00a0\u00bb50&Prime; [&hellip;]\" \/>\n<meta property=\"og:url\" content=\"https:\/\/insuremykids.com\/fr\/ressources\/faqs\/\" \/>\n<meta property=\"og:site_name\" content=\"Insuremykids\" \/>\n<meta property=\"article:modified_time\" content=\"2020-03-30T19:50:25+00:00\" \/>\n<meta name=\"twitter:card\" content=\"summary_large_image\" \/>\n<script type=\"application\/ld+json\" class=\"yoast-schema-graph\">{\"@context\":\"https:\\\/\\\/schema.org\",\"@graph\":[{\"@type\":\"WebPage\",\"@id\":\"https:\\\/\\\/insuremykids.com\\\/fr\\\/ressources\\\/faqs\\\/\",\"url\":\"https:\\\/\\\/insuremykids.com\\\/fr\\\/ressources\\\/faqs\\\/\",\"name\":\"Questions fr\u00e9quentes | Insuremykids\",\"isPartOf\":{\"@id\":\"https:\\\/\\\/insuremykids.com\\\/fr\\\/#website\"},\"datePublished\":\"2019-07-28T16:43:34+00:00\",\"dateModified\":\"2020-03-30T19:50:25+00:00\",\"breadcrumb\":{\"@id\":\"https:\\\/\\\/insuremykids.com\\\/fr\\\/ressources\\\/faqs\\\/#breadcrumb\"},\"inLanguage\":\"fr-FR\",\"potentialAction\":[{\"@type\":\"ReadAction\",\"target\":[\"https:\\\/\\\/insuremykids.com\\\/fr\\\/ressources\\\/faqs\\\/\"]}]},{\"@type\":\"BreadcrumbList\",\"@id\":\"https:\\\/\\\/insuremykids.com\\\/fr\\\/ressources\\\/faqs\\\/#breadcrumb\",\"itemListElement\":[{\"@type\":\"ListItem\",\"position\":1,\"name\":\"Home\",\"item\":\"https:\\\/\\\/insuremykids.com\\\/fr\\\/\"},{\"@type\":\"ListItem\",\"position\":2,\"name\":\"Ressources\",\"item\":\"https:\\\/\\\/insuremykids.com\\\/fr\\\/ressources\\\/\"},{\"@type\":\"ListItem\",\"position\":3,\"name\":\"Questions fr\u00e9quentes\"}]},{\"@type\":\"WebSite\",\"@id\":\"https:\\\/\\\/insuremykids.com\\\/fr\\\/#website\",\"url\":\"https:\\\/\\\/insuremykids.com\\\/fr\\\/\",\"name\":\"Insuremykids\",\"description\":\"\",\"potentialAction\":[{\"@type\":\"SearchAction\",\"target\":{\"@type\":\"EntryPoint\",\"urlTemplate\":\"https:\\\/\\\/insuremykids.com\\\/fr\\\/?s={search_term_string}\"},\"query-input\":{\"@type\":\"PropertyValueSpecification\",\"valueRequired\":true,\"valueName\":\"search_term_string\"}}],\"inLanguage\":\"fr-FR\"}]}<\/script>\n<!-- \/ Yoast SEO plugin. -->","yoast_head_json":{"title":"Questions fr\u00e9quentes | Insuremykids","robots":{"index":"noindex","follow":"follow","max-snippet":"max-snippet:-1","max-image-preview":"max-image-preview:large","max-video-preview":"max-video-preview:-1"},"og_locale":"fr_FR","og_type":"article","og_title":"Questions fr\u00e9quentes | Insuremykids","og_description":"[vc_row][vc_column width=\u00a0\u00bb1\/1&Prime;][uncode_block id=\u00a0\u00bb36&Prime;][\/vc_column][\/vc_row][vc_row row_height_percent=\u00a0\u00bb0&Prime; back_image=\u00a0\u00bb706&Prime; back_repeat=\u00a0\u00bbno-repeat\u00a0\u00bb parallax=\u00a0\u00bbyes\u00a0\u00bb overlay_alpha=\u00a0\u00bb50&Prime; gutter_size=\u00a0\u00bb3&Prime; column_width_percent=\u00a0\u00bb100&Prime; shift_y=\u00a0\u00bb0&Prime; z_index=\u00a0\u00bb0&Prime; row_height_pixel=\u00a0\u00bb350&Prime;][vc_column width=\u00a0\u00bb1\/1&Prime;][\/vc_column][\/vc_row][vc_row row_height_percent=\u00a0\u00bb0&Prime; override_padding=\u00a0\u00bbyes\u00a0\u00bb h_padding=\u00a0\u00bb2&Prime; top_padding=\u00a0\u00bb5&Prime; bottom_padding=\u00a0\u00bb2&Prime; overlay_alpha=\u00a0\u00bb50&Prime; [&hellip;]","og_url":"https:\/\/insuremykids.com\/fr\/ressources\/faqs\/","og_site_name":"Insuremykids","article_modified_time":"2020-03-30T19:50:25+00:00","twitter_card":"summary_large_image","schema":{"@context":"https:\/\/schema.org","@graph":[{"@type":"WebPage","@id":"https:\/\/insuremykids.com\/fr\/ressources\/faqs\/","url":"https:\/\/insuremykids.com\/fr\/ressources\/faqs\/","name":"Questions fr\u00e9quentes | Insuremykids","isPartOf":{"@id":"https:\/\/insuremykids.com\/fr\/#website"},"datePublished":"2019-07-28T16:43:34+00:00","dateModified":"2020-03-30T19:50:25+00:00","breadcrumb":{"@id":"https:\/\/insuremykids.com\/fr\/ressources\/faqs\/#breadcrumb"},"inLanguage":"fr-FR","potentialAction":[{"@type":"ReadAction","target":["https:\/\/insuremykids.com\/fr\/ressources\/faqs\/"]}]},{"@type":"BreadcrumbList","@id":"https:\/\/insuremykids.com\/fr\/ressources\/faqs\/#breadcrumb","itemListElement":[{"@type":"ListItem","position":1,"name":"Home","item":"https:\/\/insuremykids.com\/fr\/"},{"@type":"ListItem","position":2,"name":"Ressources","item":"https:\/\/insuremykids.com\/fr\/ressources\/"},{"@type":"ListItem","position":3,"name":"Questions fr\u00e9quentes"}]},{"@type":"WebSite","@id":"https:\/\/insuremykids.com\/fr\/#website","url":"https:\/\/insuremykids.com\/fr\/","name":"Insuremykids","description":"","potentialAction":[{"@type":"SearchAction","target":{"@type":"EntryPoint","urlTemplate":"https:\/\/insuremykids.com\/fr\/?s={search_term_string}"},"query-input":{"@type":"PropertyValueSpecification","valueRequired":true,"valueName":"search_term_string"}}],"inLanguage":"fr-FR"}]}},"_links":{"self":[{"href":"https:\/\/insuremykids.com\/fr\/wp-json\/wp\/v2\/pages\/1168","targetHints":{"allow":["GET"]}}],"collection":[{"href":"https:\/\/insuremykids.com\/fr\/wp-json\/wp\/v2\/pages"}],"about":[{"href":"https:\/\/insuremykids.com\/fr\/wp-json\/wp\/v2\/types\/page"}],"author":[{"embeddable":true,"href":"https:\/\/insuremykids.com\/fr\/wp-json\/wp\/v2\/users\/12"}],"replies":[{"embeddable":true,"href":"https:\/\/insuremykids.com\/fr\/wp-json\/wp\/v2\/comments?post=1168"}],"version-history":[{"count":4,"href":"https:\/\/insuremykids.com\/fr\/wp-json\/wp\/v2\/pages\/1168\/revisions"}],"predecessor-version":[{"id":1704,"href":"https:\/\/insuremykids.com\/fr\/wp-json\/wp\/v2\/pages\/1168\/revisions\/1704"}],"up":[{"embeddable":true,"href":"https:\/\/insuremykids.com\/fr\/wp-json\/wp\/v2\/pages\/1164"}],"wp:attachment":[{"href":"https:\/\/insuremykids.com\/fr\/wp-json\/wp\/v2\/media?parent=1168"}],"curies":[{"name":"wp","href":"https:\/\/api.w.org\/{rel}","templated":true}]}}