{"id":1148,"date":"2019-07-28T12:22:29","date_gmt":"2019-07-28T16:22:29","guid":{"rendered":"https:\/\/insuremykids.com\/?page_id=1148"},"modified":"2020-07-10T16:25:16","modified_gmt":"2020-07-10T20:25:16","slug":"comblez-les-lacunes","status":"publish","type":"page","link":"https:\/\/insuremykids.com\/fr\/a-propos-de-nous\/comblez-les-lacunes\/","title":{"rendered":"Comblez les lacunes"},"content":{"rendered":"<div class=\"wpb-content-wrapper\"><p>[vc_row][vc_column width=\u00a0\u00bb1\/1&Prime;][uncode_block id=\u00a0\u00bb36&Prime;][\/vc_column][\/vc_row][vc_row row_height_percent=\u00a0\u00bb0&Prime; override_padding=\u00a0\u00bbyes\u00a0\u00bb h_padding=\u00a0\u00bb2&Prime; top_padding=\u00a0\u00bb5&Prime; bottom_padding=\u00a0\u00bb3&Prime; overlay_alpha=\u00a0\u00bb50&Prime; gutter_size=\u00a0\u00bb3&Prime; column_width_percent=\u00a0\u00bb100&Prime; shift_y=\u00a0\u00bb0&Prime; z_index=\u00a0\u00bb0&Prime;][vc_column column_width_percent=\u00a0\u00bb100&Prime; align_horizontal=\u00a0\u00bbalign_center\u00a0\u00bb gutter_size=\u00a0\u00bb3&Prime; overlay_alpha=\u00a0\u00bb50&Prime; shift_x=\u00a0\u00bb0&Prime; shift_y=\u00a0\u00bb0&Prime; shift_y_down=\u00a0\u00bb0&Prime; z_index=\u00a0\u00bb0&Prime; medium_width=\u00a0\u00bb0&Prime; mobile_width=\u00a0\u00bb0&Prime; width=\u00a0\u00bb1\/1&Prime;][vc_custom_heading]Pourquoi me faut-il une assurance pour mon enfant?[\/vc_custom_heading][vc_row_inner row_inner_height_percent=\u00a0\u00bb0&Prime; overlay_alpha=\u00a0\u00bb50&Prime; gutter_size=\u00a0\u00bb4&Prime; shift_y=\u00a0\u00bb0&Prime; z_index=\u00a0\u00bb0&Prime;][vc_column_inner width=\u00a0\u00bb1\/2&Prime;][vc_column_text text_lead=\u00a0\u00bbyes\u00a0\u00bb]Les r\u00e9gimes d\u2019assurance maladie gouvernementaux et collectifs fournissent souvent une couverture limit\u00e9e pour les d\u00e9penses d\u00e9coulant d\u2019un accident. Quelques d\u00e9penses ne sont pas couvertes du tout. Cela signifie que la responsabilit\u00e9 financi\u00e8re tombe sur vous, le parent\/tuteur. Heureusement, l\u2019assurance insuremykids<sup>\u00ae<\/sup> est l\u00e0 \u2013 nos r\u00e9gimes sont con\u00e7us pour aider \u00e0 combler les lacunes des programmes des autres fournisseurs d\u2019assurance.[\/vc_column_text][\/vc_column_inner][vc_column_inner width=\u00a0\u00bb1\/2&Prime;][vc_column_text]<strong class=\"text-blue\">Quelles d\u00e9penses NE SONT PAS normalement couvertes?<\/strong><br \/>\nSouvent, les r\u00e9gimes d\u2019assurance maladie gouvernementaux et collectifs ne couvrent pas les d\u00e9penses suivantes:<\/p>\n<ul>\n<li>Frais d\u2019ambulance<\/li>\n<li>Pl\u00e2tres, b\u00e9quilles et attelles<\/li>\n<li>Le co\u00fbt d\u2019\u00e9quipement ou fournitures requis \u00e0 domicile<\/li>\n<li>Soins m\u00e9dicaux d\u2019urgence hors province<\/li>\n<li>Services d\u2019urgence vari\u00e9s pour les dents et les yeux<\/li>\n<\/ul>\n<p>[\/vc_column_text][vc_column_text]<strong class=\"text-blue\">M\u00eame un petit accident peut co\u00fbter cher!<\/strong><br \/>\nConsid\u00e9rez les sc\u00e9narios plus bas et constatez vous-m\u00eame le co\u00fbt parfois important d\u2019un accident et l\u2019avantage de souscrire l\u2019assurance insuremykids<sup>\u00ae<\/sup>.[\/vc_column_text][\/vc_column_inner][\/vc_row_inner][\/vc_column][\/vc_row][vc_row row_height_percent=\u00a0\u00bb0&Prime; override_padding=\u00a0\u00bbyes\u00a0\u00bb h_padding=\u00a0\u00bb5&Prime; top_padding=\u00a0\u00bb2&Prime; bottom_padding=\u00a0\u00bb5&Prime; overlay_alpha=\u00a0\u00bb50&Prime; gutter_size=\u00a0\u00bb3&Prime; column_width_percent=\u00a0\u00bb100&Prime; shift_y=\u00a0\u00bb0&Prime; z_index=\u00a0\u00bb0&Prime; el_class=\u00a0\u00bbtable-comparison\u00a0\u00bb][vc_column column_width_percent=\u00a0\u00bb100&Prime; align_horizontal=\u00a0\u00bbalign_center\u00a0\u00bb gutter_size=\u00a0\u00bb3&Prime; overlay_alpha=\u00a0\u00bb50&Prime; shift_x=\u00a0\u00bb0&Prime; shift_y=\u00a0\u00bb0&Prime; shift_y_down=\u00a0\u00bb0&Prime; z_index=\u00a0\u00bb0&Prime; medium_width=\u00a0\u00bb0&Prime; mobile_width=\u00a0\u00bb0&Prime; width=\u00a0\u00bb1\/1&Prime;][vc_custom_heading]La diff\u00e9rence de<br \/>\nl&rsquo;indemnisation insuremykids<sup>\u00ae<\/sup>[\/vc_custom_heading][vc_tabs][vc_tab title=\u00a0\u00bbChute sur planche \u00e0 neige\u00a0\u00bb tab_id=\u00a0\u00bb1564105008-1-71&Prime;][vc_row_inner][vc_column_inner column_width_percent=\u00a0\u00bb100&Prime; align_horizontal=\u00a0\u00bbalign_center\u00a0\u00bb gutter_size=\u00a0\u00bb3&Prime; overlay_alpha=\u00a0\u00bb50&Prime; shift_x=\u00a0\u00bb0&Prime; shift_y=\u00a0\u00bb0&Prime; shift_y_down=\u00a0\u00bb0&Prime; z_index=\u00a0\u00bb0&Prime; medium_width=\u00a0\u00bb0&Prime; mobile_width=\u00a0\u00bb0&Prime; width=\u00a0\u00bb1\/1&Prime;][vc_custom_heading heading_semantic=\u00a0\u00bbh4&Prime; text_size=\u00a0\u00bbh5&Prime; text_color=\u00a0\u00bbaccent\u00a0\u00bb]Une fille de 17 ans fait de la planche \u00e0 neige.<br \/>\nElle tombe et se casse la poign\u00e9e et la cheville.[\/vc_custom_heading][\/vc_column_inner][\/vc_row_inner][vc_raw_html]JTNDZGl2JTIwY2xhc3MlM0QlMjJ0YWJsZS1yZXNwb25zaXZlJTIyJTNFJTBBJTNDdGFibGUlM0UlMEElM0N0Ym9keSUzRSUwQSUzQ3RyJTNFJTBBJTNDdGQlM0UlM0MlMkZ0ZCUzRSUwQSUzQ3RkJTNFUiVDMyVBOWdpbWUlMjBQbGF0aW5lJTNDJTJGdGQlM0UlMEElM0N0ZCUzRVNhbnMlMjBpbnN1cmVteWtpZHMlM0NzdXAlM0UlQzIlQUUlM0MlMkZzdXAlM0UlM0MlMkZ0ZCUzRSUwQSUzQyUyRnRyJTNFJTBBJTNDdHIlM0UlMEElM0N0ZCUzRVByaW1lJTIwYW5udWVsbGUlM0MlMkZ0ZCUzRSUwQSUzQ3RkJTNFMzMlMjAlMjQlM0MlMkZ0ZCUzRSUwQSUzQ3RkJTNFMCUyMCUyNCUzQyUyRnRkJTNFJTBBJTNDJTJGdHIlM0UlMEElM0N0ciUzRSUwQSUzQ3RkJTNFQW1idWxhbmNlJTNDJTJGdGQlM0UlMEElM0N0ZCUzRTAlMjAlMjQlM0MlMkZ0ZCUzRSUwQSUzQ3RkJTNFMjc1JTIwJTI0JTNDJTJGdGQlM0UlMEElM0MlMkZ0ciUzRSUwQSUzQ3RyJTNFJTBBJTNDdGQlM0VQbCVDMyVBMnRyZSUyMHBvdXIlMjBsZSUyMGJyYXMlM0MlMkZ0ZCUzRSUwQSUzQ3RkJTNFMCUyMCUyNCUzQyUyRnRkJTNFJTBBJTNDdGQlM0U0NSUyMCUyNCUzQyUyRnRkJTNFJTBBJTNDJTJGdHIlM0UlMEElM0N0ciUzRSUwQSUzQ3RkJTNFUGwlQzMlQTJ0cmUlMjBwb3VyJTIwbGElMjBqYW1iZSUzQyUyRnRkJTNFJTBBJTNDdGQlM0UwJTIwJTI0JTNDJTJGdGQlM0UlMEElM0N0ZCUzRTgwJTIwJTI0JTNDJTJGdGQlM0UlMEElM0MlMkZ0ciUzRSUwQSUzQ3RyJTNFJTBBJTNDdGQlM0VQcmVzY3JpcHRpb25zJTNDJTJGdGQlM0UlMEElM0N0ZCUzRTAlMjAlMjQlM0MlMkZ0ZCUzRSUwQSUzQ3RkJTNFMjklMjAlMjQlM0MlMkZ0ZCUzRSUwQSUzQyUyRnRyJTNFJTBBJTNDdHIlM0UlMEElM0N0ZCUzRURpcmVjdGlvbiUyMGQlMjclQzMlQTl0dWRlcyUzQyUyRnRkJTNFJTBBJTNDdGQlM0UwJTIwJTI0JTNDJTJGdGQlM0UlMEElM0N0ZCUzRTMlMjAxNTAlMjAlMjQlM0MlMkZ0ZCUzRSUwQSUzQyUyRnRyJTNFJTBBJTNDdHIlM0UlMEElM0N0ZCUzRVBoeXNpb3RoJUMzJUE5cmFwaWUlM0MlMkZ0ZCUzRSUwQSUzQ3RkJTNFMCUyMCUyNCUzQyUyRnRkJTNFJTBBJTNDdGQlM0U5NDUlMjAlMjQlM0MlMkZ0ZCUzRSUwQSUzQyUyRnRyJTNFJTBBJTNDdHIlM0UlMEElM0N0ZCUzRUxvY2F0aW9uJTIwZGUlMjB0JUMzJUE5bCVDMyVBOXZpc2V1ciUzQyUyRnRkJTNFJTBBJTNDdGQlM0UwJTIwJTI0JTNDJTJGdGQlM0UlMEElM0N0ZCUzRTMwJTIwJTI0JTNDJTJGdGQlM0UlMEElM0MlMkZ0ciUzRSUwQSUzQ3RyJTIwY2xhc3MlM0QlMjJ0ZXh0LWJsdWUlMjB0ZXh0LWxnJTIyJTNFJTBBJTNDdGQlM0VEJUMzJUE5Ym91cnNlbWVudCUzQSUzQyUyRnRkJTNFJTBBJTNDdGQlM0UzMyUyMCUyNCUzQyUyRnRkJTNFJTBBJTNDdGQlM0U0JTIwNTU0JTIwJTI0JTNDJTJGdGQlM0UlMEElM0MlMkZ0ciUzRSUwQSUzQyUyRnRib2R5JTNFJTBBJTNDJTJGdGFibGUlM0UlMEElM0MlMkZkaXYlM0U=[\/vc_raw_html][\/vc_tab][vc_tab title=\u00a0\u00bbHockey Dent craqu\u00e9e\u00a0\u00bb tab_id=\u00a0\u00bb1564105008-2-22&Prime;][vc_row_inner][vc_column_inner column_width_percent=\u00a0\u00bb100&Prime; align_horizontal=\u00a0\u00bbalign_center\u00a0\u00bb gutter_size=\u00a0\u00bb3&Prime; overlay_alpha=\u00a0\u00bb50&Prime; shift_x=\u00a0\u00bb0&Prime; shift_y=\u00a0\u00bb0&Prime; shift_y_down=\u00a0\u00bb0&Prime; z_index=\u00a0\u00bb0&Prime; medium_width=\u00a0\u00bb0&Prime; mobile_width=\u00a0\u00bb0&Prime; width=\u00a0\u00bb1\/12&Prime;][\/vc_column_inner][vc_column_inner column_width_percent=\u00a0\u00bb100&Prime; align_horizontal=\u00a0\u00bbalign_center\u00a0\u00bb gutter_size=\u00a0\u00bb3&Prime; overlay_alpha=\u00a0\u00bb50&Prime; shift_x=\u00a0\u00bb0&Prime; shift_y=\u00a0\u00bb0&Prime; shift_y_down=\u00a0\u00bb0&Prime; z_index=\u00a0\u00bb0&Prime; medium_width=\u00a0\u00bb0&Prime; mobile_width=\u00a0\u00bb0&Prime; width=\u00a0\u00bb10\/12&Prime;][vc_custom_heading heading_semantic=\u00a0\u00bbh4&Prime; text_size=\u00a0\u00bbh5&Prime; text_color=\u00a0\u00bbaccent\u00a0\u00bb]Un gar\u00e7on de 6 ans joue au hockey en gymnase. La rondelle plastique le frappe au visage et il se craque une dent et se fend la l\u00e8vre.[\/vc_custom_heading][\/vc_column_inner][vc_column_inner width=\u00a0\u00bb1\/12&Prime;][\/vc_column_inner][\/vc_row_inner][vc_raw_html]JTNDZGl2JTIwY2xhc3MlM0QlMjJ0YWJsZS1yZXNwb25zaXZlJTIyJTNFJTBBJTNDdGFibGUlM0UlMEElM0N0Ym9keSUzRSUwQSUzQ3RyJTNFJTBBJTNDdGQlM0UlM0MlMkZ0ZCUzRSUwQSUzQ3RkJTNFUiVDMyVBOWdpbWUlMjBQbGF0aW5lJTNDJTJGdGQlM0UlMEElM0N0ZCUzRVNhbnMlMjBpbnN1cmVteWtpZHMlM0NzdXAlM0UlQzIlQUUlM0MlMkZzdXAlM0UlM0MlMkZ0ZCUzRSUwQSUzQyUyRnRyJTNFJTBBJTNDdHIlM0UlMEElM0N0ZCUzRVByaW1lJTIwYW5udWVsbGUlM0MlMkZ0ZCUzRSUwQSUzQ3RkJTNFMzMlMjAlMjQlM0MlMkZ0ZCUzRSUwQSUzQ3RkJTNFMCUyMCUyNCUzQyUyRnRkJTNFJTBBJTNDJTJGdHIlM0UlMEElM0N0ciUzRSUwQSUzQ3RkJTNFQ291cm9ubmUlMjBkZW50YWlyZSUzQyUyRnRkJTNFJTBBJTNDdGQlM0UwJTIwJTI0JTNDJTJGdGQlM0UlMEElM0N0ZCUzRTElMjAxODklMjAlMjQlM0MlMkZ0ZCUzRSUwQSUzQyUyRnRyJTNFJTBBJTNDdHIlM0UlMEElM0N0ZCUzRUZyYWlzJTIwZGUlMjBsYWJvcmF0b2lyZSUzQyUyRnRkJTNFJTBBJTNDdGQlM0UwJTIwJTI0JTNDJTJGdGQlM0UlMEElM0N0ZCUzRTI5NCUyMCUyNCUzQyUyRnRkJTNFJTBBJTNDJTJGdHIlM0UlMEElM0N0ciUzRSUwQSUzQ3RkJTNFTWFuZGlidWxlJTIwZnJhY3R1ciVDMyVBOWUlM0MlMkZ0ZCUzRSUwQSUzQ3RkJTNFMCUyMCUyNCUzQyUyRnRkJTNFJTBBJTNDdGQlM0UyNTAlMjAlMjQlM0MlMkZ0ZCUzRSUwQSUzQyUyRnRyJTNFJTBBJTNDdHIlM0UlMEElM0N0ZCUzRUFtYnVsYW5jZSUzQyUyRnRkJTNFJTBBJTNDdGQlM0UwJTIwJTI0JTNDJTJGdGQlM0UlMEElM0N0ZCUzRTQ1JTIwJTI0JTNDJTJGdGQlM0UlMEElM0MlMkZ0ciUzRSUwQSUzQ3RyJTNFJTBBJTNDdGQlM0VSZW1ib3Vyc2VtZW50JTIwZGUlMjBkJUMzJUE5cGVuc2VzJTNDJTJGdGQlM0UlMEElM0N0ZCUzRTAlMjAlMjQlM0MlMkZ0ZCUzRSUwQSUzQ3RkJTNFMTgwJTIwJTI0JTNDJTJGdGQlM0UlMEElM0MlMkZ0ciUzRSUwQSUzQ3RyJTIwY2xhc3MlM0QlMjJ0ZXh0LWJsdWUlMjB0ZXh0LWxnJTIyJTNFJTBBJTNDdGQlM0VEJUMzJUE5Ym91cnNlbWVudCUzQSUzQyUyRnRkJTNFJTBBJTNDdGQlM0UzMyUyMCUyNCUzQyUyRnRkJTNFJTBBJTNDdGQlM0UxJTIwOTU4JTIwJTI0JTNDJTJGdGQlM0UlMEElM0MlMkZ0ciUzRSUwQSUzQyUyRnRib2R5JTNFJTBBJTNDJTJGdGFibGUlM0UlMEElM0MlMkZkaXYlM0U=[\/vc_raw_html][\/vc_tab][vc_tab title=\u00a0\u00bbUSA Tournoi de baseball\u00a0\u00bb tab_id=\u00a0\u00bb1564106316068-2-1&Prime;][vc_row_inner][vc_column_inner column_width_percent=\u00a0\u00bb100&Prime; align_horizontal=\u00a0\u00bbalign_center\u00a0\u00bb gutter_size=\u00a0\u00bb3&Prime; overlay_alpha=\u00a0\u00bb50&Prime; shift_x=\u00a0\u00bb0&Prime; shift_y=\u00a0\u00bb0&Prime; shift_y_down=\u00a0\u00bb0&Prime; z_index=\u00a0\u00bb0&Prime; medium_width=\u00a0\u00bb0&Prime; mobile_width=\u00a0\u00bb0&Prime; width=\u00a0\u00bb1\/12&Prime;][\/vc_column_inner][vc_column_inner column_width_percent=\u00a0\u00bb100&Prime; align_horizontal=\u00a0\u00bbalign_center\u00a0\u00bb gutter_size=\u00a0\u00bb3&Prime; overlay_alpha=\u00a0\u00bb50&Prime; shift_x=\u00a0\u00bb0&Prime; shift_y=\u00a0\u00bb0&Prime; shift_y_down=\u00a0\u00bb0&Prime; z_index=\u00a0\u00bb0&Prime; medium_width=\u00a0\u00bb0&Prime; mobile_width=\u00a0\u00bb0&Prime; width=\u00a0\u00bb10\/12&Prime;][vc_custom_heading heading_semantic=\u00a0\u00bbh4&Prime; text_size=\u00a0\u00bbh5&Prime; text_color=\u00a0\u00bbaccent\u00a0\u00bb]Un gar\u00e7on de 13 ans participe \u00e0 un tournoi de baseball aux \u00c9tats-Unis. Un autre joueur se heurte contre lui et il se d\u00e9chire un muscle de la jambe.[\/vc_custom_heading][\/vc_column_inner][vc_column_inner width=\u00a0\u00bb1\/12&Prime;][\/vc_column_inner][\/vc_row_inner][vc_raw_html]JTNDZGl2JTIwY2xhc3MlM0QlMjJ0YWJsZS1yZXNwb25zaXZlJTIyJTNFJTBBJTNDdGFibGUlM0UlMEElM0N0Ym9keSUzRSUwQSUzQ3RyJTNFJTBBJTNDdGQlM0UlM0MlMkZ0ZCUzRSUwQSUzQ3RkJTNFUiVDMyVBOWdpbWUlMjBQbGF0aW5lJTNDJTJGdGQlM0UlMEElM0N0ZCUzRVNhbnMlMjBpbnN1cmVteWtpZHMlM0NzdXAlM0UlQzIlQUUlM0MlMkZzdXAlM0UlM0MlMkZ0ZCUzRSUwQSUzQyUyRnRyJTNFJTBBJTNDdHIlM0UlMEElM0N0ZCUzRVByaW1lJTIwYW5udWVsbGUlM0MlMkZ0ZCUzRSUwQSUzQ3RkJTNFMzMlMjAlMjQlM0MlMkZ0ZCUzRSUwQSUzQ3RkJTNFMCUyMCUyNCUzQyUyRnRkJTNFJTBBJTNDJTJGdHIlM0UlMEElM0N0ciUzRSUwQSUzQ3RkJTNFQ2hhbWJyZSUzQyUyRnRkJTNFJTBBJTNDdGQlM0UwJTIwJTI0JTNDJTJGdGQlM0UlMEElM0N0ZCUzRTElMjAzOTAlMjAlMjQlM0MlMkZ0ZCUzRSUwQSUzQyUyRnRyJTNFJTBBJTNDdHIlM0UlMEElM0N0ZCUzRVBoYXJtYWNpZSUzQyUyRnRkJTNFJTBBJTNDdGQlM0UwJTIwJTI0JTNDJTJGdGQlM0UlMEElM0N0ZCUzRTElMjAxNzYlMjAlMjQlM0MlMkZ0ZCUzRSUwQSUzQyUyRnRyJTNFJTBBJTNDdHIlM0UlMEElM0N0ZCUzRVNvbHV0aW9ucyUyMElWJTNDJTJGdGQlM0UlMEElM0N0ZCUzRTAlMjAlMjQlM0MlMkZ0ZCUzRSUwQSUzQ3RkJTNFMTE2JTIwJTI0JTNDJTJGdGQlM0UlMEElM0MlMkZ0ciUzRSUwQSUzQ3RyJTNFJTBBJTNDdGQlM0VGb3Vybml0dXJlcyUyMGNoaXJ1cmdpY2FsZXMlM0MlMkZ0ZCUzRSUwQSUzQ3RkJTNFMCUyMCUyNCUzQyUyRnRkJTNFJTBBJTNDdGQlM0U2JTIwMTMzJTIwJTI0JTNDJTJGdGQlM0UlMEElM0MlMkZ0ciUzRSUwQSUzQ3RyJTNFJTBBJTNDdGQlM0VSYWRpb2RpYWdub3N0aWMlM0MlMkZ0ZCUzRSUwQSUzQ3RkJTNFMCUyMCUyNCUzQyUyRnRkJTNFJTBBJTNDdGQlM0U1ODMlMjAlMjQlM0MlMkZ0ZCUzRSUwQSUzQyUyRnRyJTNFJTBBJTNDdHIlM0UlMEElM0N0ZCUzRVNlcnZpY2VzJTIwZGUlMjBzYWxsZSUyMGQlMjdvcCVDMyVBOXJhdGlvbiUzQyUyRnRkJTNFJTBBJTNDdGQlM0UwJTIwJTI0JTNDJTJGdGQlM0UlMEElM0N0ZCUzRTMlMjA5MDklMjAlMjQlM0MlMkZ0ZCUzRSUwQSUzQyUyRnRyJTNFJTBBJTNDdHIlM0UlMEElM0N0ZCUzRUFuZXN0aCVDMyVBOXNpZSUzQyUyRnRkJTNFJTBBJTNDdGQlM0UwJTIwJTI0JTNDJTJGdGQlM0UlMEElM0N0ZCUzRTElMjAxNDQlMjAlMjQlM0MlMkZ0ZCUzRSUwQSUzQyUyRnRyJTNFJTBBJTNDdHIlM0UlMEElM0N0ZCUzRVVuaXQlQzMlQTklMjBkJTI3dXJnZW5jZSUzQyUyRnRkJTNFJTBBJTNDdGQlM0UwJTIwJTI0JTNDJTJGdGQlM0UlMEElM0N0ZCUzRTElMjAxODYlMjAlMjQlM0MlMkZ0ZCUzRSUwQSUzQyUyRnRyJTNFJTBBJTNDdHIlM0UlMEElM0N0ZCUzRVNhbGxlJTIwZGUlMjByJUMzJUE5dmVpbCUzQyUyRnRkJTNFJTBBJTNDdGQlM0UwJTIwJTI0JTNDJTJGdGQlM0UlMEElM0N0ZCUzRTElMjAxOTglMjAlMjQlM0MlMkZ0ZCUzRSUwQSUzQyUyRnRyJTNFJTBBJTNDdHIlMjBjbGFzcyUzRCUyMnRleHQtYmx1ZSUyMHRleHQtbGclMjIlM0UlMEElM0N0ZCUzRUQlQzMlQTlib3Vyc2VtZW50JTNBJTNDJTJGdGQlM0UlMEElM0N0ZCUzRTMzJTIwJTI0JTNDJTJGdGQlM0UlMEElM0N0ZCUzRTE2JTIwODI2JTIwJTI0JTNDJTJGdGQlM0UlMEElM0MlMkZ0ciUzRSUwQSUzQyUyRnRib2R5JTNFJTBBJTNDJTJGdGFibGUlM0UlMEElM0MlMkZkaXYlM0U=[\/vc_raw_html][\/vc_tab][\/vc_tabs][\/vc_column][\/vc_row]<\/p>\n<\/div>","protected":false},"excerpt":{"rendered":"<p>[vc_row][vc_column width=\u00a0\u00bb1\/1&Prime;][uncode_block id=\u00a0\u00bb36&Prime;][\/vc_column][\/vc_row][vc_row row_height_percent=\u00a0\u00bb0&Prime; override_padding=\u00a0\u00bbyes\u00a0\u00bb h_padding=\u00a0\u00bb2&Prime; top_padding=\u00a0\u00bb5&Prime; bottom_padding=\u00a0\u00bb3&Prime; overlay_alpha=\u00a0\u00bb50&Prime; gutter_size=\u00a0\u00bb3&Prime; column_width_percent=\u00a0\u00bb100&Prime; shift_y=\u00a0\u00bb0&Prime; z_index=\u00a0\u00bb0&Prime;][vc_column column_width_percent=\u00a0\u00bb100&Prime; align_horizontal=\u00a0\u00bbalign_center\u00a0\u00bb gutter_size=\u00a0\u00bb3&Prime; overlay_alpha=\u00a0\u00bb50&Prime; shift_x=\u00a0\u00bb0&Prime; shift_y=\u00a0\u00bb0&Prime; shift_y_down=\u00a0\u00bb0&Prime; [&hellip;]<\/p>\n","protected":false},"author":12,"featured_media":0,"parent":1145,"menu_order":0,"comment_status":"closed","ping_status":"closed","template":"","meta":{"inline_featured_image":false,"footnotes":""},"class_list":["post-1148","page","type-page","status-publish","hentry"],"yoast_head":"<!-- This site is optimized with the Yoast SEO plugin v27.5 - https:\/\/yoast.com\/product\/yoast-seo-wordpress\/ -->\n<title>Comblez les lacunes | Insuremykids<\/title>\n<meta name=\"description\" content=\"Insuremykids offers child insurance plans to help you protect your family from unexpected expenses year round. Click here to learn more.\" \/>\n<meta name=\"robots\" content=\"noindex, follow, max-snippet:-1, max-image-preview:large, max-video-preview:-1\" \/>\n<meta property=\"og:locale\" content=\"fr_FR\" \/>\n<meta property=\"og:type\" content=\"article\" \/>\n<meta property=\"og:title\" content=\"Comblez les lacunes | Insuremykids\" \/>\n<meta property=\"og:description\" content=\"Insuremykids offers child insurance plans to help you protect your family from unexpected expenses year round. Click here to learn more.\" \/>\n<meta property=\"og:url\" content=\"https:\/\/insuremykids.com\/fr\/a-propos-de-nous\/comblez-les-lacunes\/\" \/>\n<meta property=\"og:site_name\" content=\"Insuremykids\" \/>\n<meta property=\"article:modified_time\" content=\"2020-07-10T20:25:16+00:00\" \/>\n<meta name=\"twitter:card\" content=\"summary_large_image\" \/>\n<meta name=\"twitter:label1\" content=\"Dur\u00e9e de lecture estim\u00e9e\" \/>\n\t<meta name=\"twitter:data1\" content=\"6 minutes\" \/>\n<script type=\"application\/ld+json\" class=\"yoast-schema-graph\">{\"@context\":\"https:\\\/\\\/schema.org\",\"@graph\":[{\"@type\":\"WebPage\",\"@id\":\"https:\\\/\\\/insuremykids.com\\\/fr\\\/a-propos-de-nous\\\/comblez-les-lacunes\\\/\",\"url\":\"https:\\\/\\\/insuremykids.com\\\/fr\\\/a-propos-de-nous\\\/comblez-les-lacunes\\\/\",\"name\":\"Comblez les lacunes | Insuremykids\",\"isPartOf\":{\"@id\":\"https:\\\/\\\/insuremykids.com\\\/fr\\\/#website\"},\"datePublished\":\"2019-07-28T16:22:29+00:00\",\"dateModified\":\"2020-07-10T20:25:16+00:00\",\"description\":\"Insuremykids offers child insurance plans to help you protect your family from unexpected expenses year round. Click here to learn more.\",\"breadcrumb\":{\"@id\":\"https:\\\/\\\/insuremykids.com\\\/fr\\\/a-propos-de-nous\\\/comblez-les-lacunes\\\/#breadcrumb\"},\"inLanguage\":\"fr-FR\",\"potentialAction\":[{\"@type\":\"ReadAction\",\"target\":[\"https:\\\/\\\/insuremykids.com\\\/fr\\\/a-propos-de-nous\\\/comblez-les-lacunes\\\/\"]}]},{\"@type\":\"BreadcrumbList\",\"@id\":\"https:\\\/\\\/insuremykids.com\\\/fr\\\/a-propos-de-nous\\\/comblez-les-lacunes\\\/#breadcrumb\",\"itemListElement\":[{\"@type\":\"ListItem\",\"position\":1,\"name\":\"Home\",\"item\":\"https:\\\/\\\/insuremykids.com\\\/fr\\\/\"},{\"@type\":\"ListItem\",\"position\":2,\"name\":\"\u00c0 propos de nous\",\"item\":\"https:\\\/\\\/insuremykids.com\\\/fr\\\/a-propos-de-nous\\\/\"},{\"@type\":\"ListItem\",\"position\":3,\"name\":\"Comblez les lacunes\"}]},{\"@type\":\"WebSite\",\"@id\":\"https:\\\/\\\/insuremykids.com\\\/fr\\\/#website\",\"url\":\"https:\\\/\\\/insuremykids.com\\\/fr\\\/\",\"name\":\"Insuremykids\",\"description\":\"\",\"potentialAction\":[{\"@type\":\"SearchAction\",\"target\":{\"@type\":\"EntryPoint\",\"urlTemplate\":\"https:\\\/\\\/insuremykids.com\\\/fr\\\/?s={search_term_string}\"},\"query-input\":{\"@type\":\"PropertyValueSpecification\",\"valueRequired\":true,\"valueName\":\"search_term_string\"}}],\"inLanguage\":\"fr-FR\"}]}<\/script>\n<!-- \/ Yoast SEO plugin. -->","yoast_head_json":{"title":"Comblez les lacunes | Insuremykids","description":"Insuremykids offers child insurance plans to help you protect your family from unexpected expenses year round. Click here to learn more.","robots":{"index":"noindex","follow":"follow","max-snippet":"max-snippet:-1","max-image-preview":"max-image-preview:large","max-video-preview":"max-video-preview:-1"},"og_locale":"fr_FR","og_type":"article","og_title":"Comblez les lacunes | Insuremykids","og_description":"Insuremykids offers child insurance plans to help you protect your family from unexpected expenses year round. Click here to learn more.","og_url":"https:\/\/insuremykids.com\/fr\/a-propos-de-nous\/comblez-les-lacunes\/","og_site_name":"Insuremykids","article_modified_time":"2020-07-10T20:25:16+00:00","twitter_card":"summary_large_image","twitter_misc":{"Dur\u00e9e de lecture estim\u00e9e":"6 minutes"},"schema":{"@context":"https:\/\/schema.org","@graph":[{"@type":"WebPage","@id":"https:\/\/insuremykids.com\/fr\/a-propos-de-nous\/comblez-les-lacunes\/","url":"https:\/\/insuremykids.com\/fr\/a-propos-de-nous\/comblez-les-lacunes\/","name":"Comblez les lacunes | Insuremykids","isPartOf":{"@id":"https:\/\/insuremykids.com\/fr\/#website"},"datePublished":"2019-07-28T16:22:29+00:00","dateModified":"2020-07-10T20:25:16+00:00","description":"Insuremykids offers child insurance plans to help you protect your family from unexpected expenses year round. Click here to learn more.","breadcrumb":{"@id":"https:\/\/insuremykids.com\/fr\/a-propos-de-nous\/comblez-les-lacunes\/#breadcrumb"},"inLanguage":"fr-FR","potentialAction":[{"@type":"ReadAction","target":["https:\/\/insuremykids.com\/fr\/a-propos-de-nous\/comblez-les-lacunes\/"]}]},{"@type":"BreadcrumbList","@id":"https:\/\/insuremykids.com\/fr\/a-propos-de-nous\/comblez-les-lacunes\/#breadcrumb","itemListElement":[{"@type":"ListItem","position":1,"name":"Home","item":"https:\/\/insuremykids.com\/fr\/"},{"@type":"ListItem","position":2,"name":"\u00c0 propos de nous","item":"https:\/\/insuremykids.com\/fr\/a-propos-de-nous\/"},{"@type":"ListItem","position":3,"name":"Comblez les lacunes"}]},{"@type":"WebSite","@id":"https:\/\/insuremykids.com\/fr\/#website","url":"https:\/\/insuremykids.com\/fr\/","name":"Insuremykids","description":"","potentialAction":[{"@type":"SearchAction","target":{"@type":"EntryPoint","urlTemplate":"https:\/\/insuremykids.com\/fr\/?s={search_term_string}"},"query-input":{"@type":"PropertyValueSpecification","valueRequired":true,"valueName":"search_term_string"}}],"inLanguage":"fr-FR"}]}},"_links":{"self":[{"href":"https:\/\/insuremykids.com\/fr\/wp-json\/wp\/v2\/pages\/1148","targetHints":{"allow":["GET"]}}],"collection":[{"href":"https:\/\/insuremykids.com\/fr\/wp-json\/wp\/v2\/pages"}],"about":[{"href":"https:\/\/insuremykids.com\/fr\/wp-json\/wp\/v2\/types\/page"}],"author":[{"embeddable":true,"href":"https:\/\/insuremykids.com\/fr\/wp-json\/wp\/v2\/users\/12"}],"replies":[{"embeddable":true,"href":"https:\/\/insuremykids.com\/fr\/wp-json\/wp\/v2\/comments?post=1148"}],"version-history":[{"count":18,"href":"https:\/\/insuremykids.com\/fr\/wp-json\/wp\/v2\/pages\/1148\/revisions"}],"predecessor-version":[{"id":2147,"href":"https:\/\/insuremykids.com\/fr\/wp-json\/wp\/v2\/pages\/1148\/revisions\/2147"}],"up":[{"embeddable":true,"href":"https:\/\/insuremykids.com\/fr\/wp-json\/wp\/v2\/pages\/1145"}],"wp:attachment":[{"href":"https:\/\/insuremykids.com\/fr\/wp-json\/wp\/v2\/media?parent=1148"}],"curies":[{"name":"wp","href":"https:\/\/api.w.org\/{rel}","templated":true}]}}