{"id":1127,"date":"2019-07-28T11:55:59","date_gmt":"2019-07-28T15:55:59","guid":{"rendered":"https:\/\/insuremykids.com\/?page_id=1127"},"modified":"2025-10-01T14:25:56","modified_gmt":"2025-10-01T18:25:56","slug":"accueil","status":"publish","type":"page","link":"https:\/\/insuremykids.com\/fr\/","title":{"rendered":"Accueil"},"content":{"rendered":"<div class=\"wpb-content-wrapper\"><p>[vc_row row_height_percent=\u00a0\u00bb0&Prime; override_padding=\u00a0\u00bbyes\u00a0\u00bb h_padding=\u00a0\u00bb2&Prime; top_padding=\u00a0\u00bb5&Prime; bottom_padding=\u00a0\u00bb5&Prime; back_color=\u00a0\u00bbaccent\u00a0\u00bb back_image=\u00a0\u00bb3342&Prime; overlay_alpha=\u00a0\u00bb50&Prime; gutter_size=\u00a0\u00bb3&Prime; column_width_percent=\u00a0\u00bb100&Prime; shift_y=\u00a0\u00bb0&Prime; z_index=\u00a0\u00bb0&Prime; content_parallax=\u00a0\u00bb0&Prime; el_class=\u00a0\u00bbfull-height-header overflow-hidden\u00a0\u00bb uncode_shortcode_id=\u00a0\u00bb177629&Prime; back_color_type=\u00a0\u00bbuncode-palette\u00a0\u00bb][vc_column column_width_percent=\u00a0\u00bb100&Prime; position_vertical=\u00a0\u00bbmiddle\u00a0\u00bb gutter_size=\u00a0\u00bb3&Prime; style=\u00a0\u00bbdark\u00a0\u00bb overlay_alpha=\u00a0\u00bb50&Prime; shift_x=\u00a0\u00bb0&Prime; shift_y=\u00a0\u00bb0&Prime; shift_y_down=\u00a0\u00bb0&Prime; z_index=\u00a0\u00bb0&Prime; medium_width=\u00a0\u00bb0&Prime; align_mobile=\u00a0\u00bbalign_center_mobile\u00a0\u00bb mobile_width=\u00a0\u00bb0&Prime; width=\u00a0\u00bb1\/1&Prime;][vc_custom_heading text_color=\u00a0\u00bbcolor-xsdn\u00a0\u00bb heading_semantic=\u00a0\u00bbh1&Prime; text_size=\u00a0\u00bbfontsize-151730&Prime; css_animation=\u00a0\u00bbbottom-t-top\u00a0\u00bb animation_speed=\u00a0\u00bb1000&Prime; el_class=\u00a0\u00bbbanner-animated\u00a0\u00bb uncode_shortcode_id=\u00a0\u00bb141367&Prime; text_color_type=\u00a0\u00bbuncode-palette\u00a0\u00bb]L\u2019assurance accident[\/vc_custom_heading][vc_custom_heading text_color=\u00a0\u00bbcolor-xsdn\u00a0\u00bb text_size=\u00a0\u00bbh3&Prime; text_weight=\u00a0\u00bb400&Prime; css_animation=\u00a0\u00bbbottom-t-top\u00a0\u00bb animation_speed=\u00a0\u00bb1000&Prime; animation_delay=\u00a0\u00bb200&Prime; el_class=\u00a0\u00bbbanner-animated\u00a0\u00bb uncode_shortcode_id=\u00a0\u00bb237590&Prime; text_color_type=\u00a0\u00bbuncode-palette\u00a0\u00bb]Pour combler les lacunes des r\u00e9gimes gouvernementaux ou collectifs.[\/vc_custom_heading][vc_row_inner row_inner_height_percent=\u00a0\u00bb0&Prime; overlay_alpha=\u00a0\u00bb50&Prime; gutter_size=\u00a0\u00bb3&Prime; shift_y=\u00a0\u00bb0&Prime; z_index=\u00a0\u00bb0&Prime; el_class=\u00a0\u00bbbanner-animated\u00a0\u00bb limit_content=\u00a0\u00bb\u00a0\u00bb][vc_column_inner column_width_percent=\u00a0\u00bb100&Prime; position_horizontal=\u00a0\u00bbleft\u00a0\u00bb align_horizontal=\u00a0\u00bbalign_right\u00a0\u00bb gutter_size=\u00a0\u00bb3&Prime; style=\u00a0\u00bbdark\u00a0\u00bb overlay_alpha=\u00a0\u00bb50&Prime; shift_x=\u00a0\u00bb0&Prime; shift_y=\u00a0\u00bb0&Prime; shift_y_down=\u00a0\u00bb0&Prime; z_index=\u00a0\u00bb0&Prime; align_medium=\u00a0\u00bbalign_center_tablet\u00a0\u00bb medium_width=\u00a0\u00bb0&Prime; align_mobile=\u00a0\u00bbalign_center_mobile\u00a0\u00bb mobile_width=\u00a0\u00bb0&Prime; width=\u00a0\u00bb1\/1&Prime;][vc_button button_color=\u00a0\u00bbcolor-xsdn\u00a0\u00bb size=\u00a0\u00bbbtn-xl\u00a0\u00bb text_skin=\u00a0\u00bbyes\u00a0\u00bb border_width=\u00a0\u00bb0&Prime; display=\u00a0\u00bbinline\u00a0\u00bb css_animation=\u00a0\u00bbbottom-t-top\u00a0\u00bb animation_speed=\u00a0\u00bb1000&Prime; animation_delay=\u00a0\u00bb400&Prime; link=\u00a0\u00bburl:https%3A%2F%2Fwww.getreliable.com%2Fstudentaccident%2Fpolicybooking%3Fprov%3DON%26lang%3D1%26og%3D%26returnTo%3D1|target:_blank\u00a0\u00bb el_class=\u00a0\u00bbbutton-white open-enroll\u00a0\u00bb button_color_type=\u00a0\u00bbuncode-palette\u00a0\u00bb uncode_shortcode_id=\u00a0\u00bb989046&Prime;]SOUSCRIRE[\/vc_button][vc_button button_color=\u00a0\u00bbcolor-xsdn\u00a0\u00bb size=\u00a0\u00bbbtn-xl\u00a0\u00bb outline=\u00a0\u00bbyes\u00a0\u00bb border_width=\u00a0\u00bb0&Prime; display=\u00a0\u00bbinline\u00a0\u00bb css_animation=\u00a0\u00bbbottom-t-top\u00a0\u00bb animation_speed=\u00a0\u00bb1000&Prime; animation_delay=\u00a0\u00bb400&Prime; link=\u00a0\u00bburl:%2Ffr%2Fnos-plans%2F|title:Nos%20Plans||\u00a0\u00bb el_class=\u00a0\u00bbbutton-white-outline\u00a0\u00bb button_color_type=\u00a0\u00bbuncode-palette\u00a0\u00bb uncode_shortcode_id=\u00a0\u00bb193698&Prime;]AFFICHER LES R\u00c9GIMES[\/vc_button][vc_empty_space empty_h=\u00a0\u00bb5&Prime;][\/vc_column_inner][\/vc_row_inner][vc_column_text css_animation=\u00a0\u00bbtop-t-bottom\u00a0\u00bb animation_delay=\u00a0\u00bb1000&Prime; css=\u00a0\u00bb.vc_custom_1566846643996{margin-bottom: 0px !important;}\u00a0\u00bb]<a class=\"scroll-down\" href=\"#section-1\">Scroll Down<\/a>[\/vc_column_text][\/vc_column][\/vc_row][vc_row row_height_percent=\u00a0\u00bb0&Prime; override_padding=\u00a0\u00bbyes\u00a0\u00bb h_padding=\u00a0\u00bb2&Prime; top_padding=\u00a0\u00bb3&Prime; bottom_padding=\u00a0\u00bb3&Prime; overlay_alpha=\u00a0\u00bb50&Prime; gutter_size=\u00a0\u00bb3&Prime; column_width_percent=\u00a0\u00bb100&Prime; shift_y=\u00a0\u00bb0&Prime; z_index=\u00a0\u00bb0&Prime;][vc_column column_width_percent=\u00a0\u00bb100&Prime; align_horizontal=\u00a0\u00bbalign_center\u00a0\u00bb gutter_size=\u00a0\u00bb3&Prime; overlay_alpha=\u00a0\u00bb50&Prime; shift_x=\u00a0\u00bb0&Prime; shift_y=\u00a0\u00bb0&Prime; shift_y_down=\u00a0\u00bb0&Prime; z_index=\u00a0\u00bb0&Prime; medium_width=\u00a0\u00bb0&Prime; mobile_width=\u00a0\u00bb0&Prime; width=\u00a0\u00bb1\/1&Prime;][vc_raw_html]JTNDYSUyMG5hbWUlM0QlMjJzZWN0aW9uLTElMjIlM0UlM0MlMkZhJTNF[\/vc_raw_html][vc_row_inner row_inner_height_percent=\u00a0\u00bb0&Prime; overlay_alpha=\u00a0\u00bb50&Prime; gutter_size=\u00a0\u00bb3&Prime; shift_y=\u00a0\u00bb0&Prime; z_index=\u00a0\u00bb0&Prime; css=\u00a0\u00bb.vc_custom_1563636066891{margin-top: 48px !important;}\u00a0\u00bb limit_content=\u00a0\u00bb\u00a0\u00bb][vc_column_inner column_width_percent=\u00a0\u00bb100&Prime; align_horizontal=\u00a0\u00bbalign_center\u00a0\u00bb gutter_size=\u00a0\u00bb3&Prime; overlay_alpha=\u00a0\u00bb50&Prime; shift_x=\u00a0\u00bb0&Prime; shift_y=\u00a0\u00bb0&Prime; shift_y_down=\u00a0\u00bb0&Prime; z_index=\u00a0\u00bb0&Prime; medium_width=\u00a0\u00bb0&Prime; mobile_width=\u00a0\u00bb0&Prime; width=\u00a0\u00bb1\/2&Prime;][vc_icon icon_image=\u00a0\u00bb3412&Prime; linked_title=\u00a0\u00bbyes\u00a0\u00bb title=\u00a0\u00bbUne protection pendant toute l\u2019ann\u00e9e, 365 jours\u00a0\u00bb link=\u00a0\u00bb|||\u00a0\u00bb uncode_shortcode_id=\u00a0\u00bb482615&Prime;][\/vc_icon][\/vc_column_inner][vc_column_inner column_width_percent=\u00a0\u00bb100&Prime; align_horizontal=\u00a0\u00bbalign_center\u00a0\u00bb gutter_size=\u00a0\u00bb3&Prime; overlay_alpha=\u00a0\u00bb50&Prime; shift_x=\u00a0\u00bb0&Prime; shift_y=\u00a0\u00bb0&Prime; shift_y_down=\u00a0\u00bb0&Prime; z_index=\u00a0\u00bb0&Prime; medium_width=\u00a0\u00bb0&Prime; mobile_width=\u00a0\u00bb0&Prime; width=\u00a0\u00bb1\/2&Prime;][vc_icon icon_image=\u00a0\u00bb3358&Prime; linked_title=\u00a0\u00bbyes\u00a0\u00bb title=\u00a0\u00bbComblez les lacunes\u00a0\u00bb link=\u00a0\u00bb|||\u00a0\u00bb uncode_shortcode_id=\u00a0\u00bb666648&Prime;][\/vc_icon][\/vc_column_inner][\/vc_row_inner][vc_empty_space empty_h=\u00a0\u00bb5&Prime;][vc_custom_heading heading_semantic=\u00a0\u00bbh3&Prime; text_size=\u00a0\u00bbh4&Prime; text_weight=\u00a0\u00bb600&Prime; uncode_shortcode_id=\u00a0\u00bb123934&Prime;]\u00c0 la maison\/\u00e0 l\u2019\u00e9cole\/aux loisirs[\/vc_custom_heading][vc_button button_color=\u00a0\u00bbcolor-198256&Prime; size=\u00a0\u00bbbtn-lg\u00a0\u00bb border_width=\u00a0\u00bb0&Prime; link=\u00a0\u00bburl:%2Ffr%2Fa-propos-de-nous%2Fcomblez-les-lacunes%2F|title:Comblez%20les%20lacunes||\u00a0\u00bb button_color_type=\u00a0\u00bbuncode-palette\u00a0\u00bb uncode_shortcode_id=\u00a0\u00bb147253&Prime;]\u00caTES-VOUS ASSUR\u00c9[\/vc_button][vc_button button_color=\u00a0\u00bbcolor-jevc\u00a0\u00bb size=\u00a0\u00bblink\u00a0\u00bb link=\u00a0\u00bburl:%2Fwp-content%2Fuploads%2F2022%2F07%2FIMKFSA0822.pdf|title:Afficher%20la%20police|target:_blank\u00a0\u00bb el_class=\u00a0\u00bbtext-underline text-small\u00a0\u00bb]Lire la police au complet[\/vc_button][\/vc_column][\/vc_row][vc_row][vc_column column_width_percent=\u00a0\u00bb100&Prime; gutter_size=\u00a0\u00bb3&Prime; overlay_alpha=\u00a0\u00bb50&Prime; shift_x=\u00a0\u00bb0&Prime; shift_y=\u00a0\u00bb0&Prime; shift_y_down=\u00a0\u00bb0&Prime; z_index=\u00a0\u00bb0&Prime; medium_width=\u00a0\u00bb0&Prime; align_mobile=\u00a0\u00bbalign_center_mobile\u00a0\u00bb mobile_width=\u00a0\u00bb0&Prime; width=\u00a0\u00bb1\/2&Prime; el_class=\u00a0\u00bbz-index-up\u00a0\u00bb]<div class=\"imk-price-widget \">\t<h4 class=\"imk-plan\">\u00c0 partir de seulement<\/h4>\t<div class=\"imk-price\">\t\t<span class=\"imk-number\">17 $<\/span>\t\t<span class=\"imk-interval\">par ann\u00e9e<\/span>\t<\/div><\/div>[vc_column_text el_class=\u00a0\u00bbtext-pricing\u00a0\u00bb uncode_shortcode_id=\u00a0\u00bb180514&Prime;]Nous offrons 3 r\u00e9gimes diff\u00e9rents qui couvrent une gamme de d\u00e9penses y compris les frais d&rsquo;ambulance, les pl\u00e2tres et les b\u00e9quilles, l&rsquo;\u00e9quipement m\u00e9dical et une incroyable couverture de 10 ans pour les frais dentaires.[\/vc_column_text][vc_button button_color=\u00a0\u00bbcolor-198256&Prime; size=\u00a0\u00bbbtn-lg\u00a0\u00bb outline=\u00a0\u00bbyes\u00a0\u00bb border_width=\u00a0\u00bb0&Prime; link=\u00a0\u00bburl:%2Ffr%2Fnos-plans%2Fcomparer-les-plans%2F|||\u00a0\u00bb button_color_type=\u00a0\u00bbuncode-palette\u00a0\u00bb uncode_shortcode_id=\u00a0\u00bb763248&Prime;]SAVOIR PLUS[\/vc_button][\/vc_column][vc_column column_width_percent=\u00a0\u00bb100&Prime; gutter_size=\u00a0\u00bb3&Prime; overlay_alpha=\u00a0\u00bb50&Prime; shift_x=\u00a0\u00bb0&Prime; shift_y=\u00a0\u00bb0&Prime; shift_y_down=\u00a0\u00bb0&Prime; z_index=\u00a0\u00bb0&Prime; medium_width=\u00a0\u00bb0&Prime; mobile_visibility=\u00a0\u00bbyes\u00a0\u00bb mobile_width=\u00a0\u00bb0&Prime; width=\u00a0\u00bb1\/2&Prime;][vc_column_text css_animation=\u00a0\u00bbalpha-anim\u00a0\u00bb]<\/p>\n<div class=\"img-offcanvas img-offcanvas-right paroller\"><img decoding=\"async\" class=\"alignnone size-full wp-image-1132\" src=\"https:\/\/insuremykids.com\/wp-content\/uploads\/2019\/07\/backpack.jpg\" alt=\"\" width=\"1280\" height=\"1430\" srcset=\"https:\/\/insuremykids.com\/wp-content\/uploads\/2019\/07\/backpack.jpg 1280w, https:\/\/insuremykids.com\/wp-content\/uploads\/2019\/07\/backpack-269x300.jpg 269w, https:\/\/insuremykids.com\/wp-content\/uploads\/2019\/07\/backpack-768x858.jpg 768w, https:\/\/insuremykids.com\/wp-content\/uploads\/2019\/07\/backpack-917x1024.jpg 917w\" sizes=\"(max-width: 1280px) 100vw, 1280px\" \/><\/div>\n<p>[\/vc_column_text][\/vc_column][\/vc_row][vc_row][vc_column column_width_percent=\u00a0\u00bb100&Prime; gutter_size=\u00a0\u00bb3&Prime; overlay_alpha=\u00a0\u00bb50&Prime; shift_x=\u00a0\u00bb0&Prime; shift_y=\u00a0\u00bb0&Prime; shift_y_down=\u00a0\u00bb0&Prime; z_index=\u00a0\u00bb0&Prime; medium_width=\u00a0\u00bb0&Prime; mobile_visibility=\u00a0\u00bbyes\u00a0\u00bb mobile_width=\u00a0\u00bb0&Prime; width=\u00a0\u00bb1\/2&Prime;][vc_column_text css_animation=\u00a0\u00bbalpha-anim\u00a0\u00bb]<\/p>\n<div class=\"img-offcanvas img-offcanvas-left paroller\"><img decoding=\"async\" class=\"alignnone size-full wp-image-1134\" src=\"https:\/\/insuremykids.com\/wp-content\/uploads\/2019\/07\/notebook-1.jpg\" alt=\"\" width=\"1280\" height=\"1287\" srcset=\"https:\/\/insuremykids.com\/wp-content\/uploads\/2019\/07\/notebook-1.jpg 1280w, https:\/\/insuremykids.com\/wp-content\/uploads\/2019\/07\/notebook-1-150x150.jpg 150w, https:\/\/insuremykids.com\/wp-content\/uploads\/2019\/07\/notebook-1-298x300.jpg 298w, https:\/\/insuremykids.com\/wp-content\/uploads\/2019\/07\/notebook-1-768x772.jpg 768w, https:\/\/insuremykids.com\/wp-content\/uploads\/2019\/07\/notebook-1-1018x1024.jpg 1018w\" sizes=\"(max-width: 1280px) 100vw, 1280px\" \/><\/div>\n<p>[\/vc_column_text][\/vc_column][vc_column column_width_percent=\u00a0\u00bb100&Prime; gutter_size=\u00a0\u00bb3&Prime; overlay_alpha=\u00a0\u00bb50&Prime; shift_x=\u00a0\u00bb0&Prime; shift_y=\u00a0\u00bb0&Prime; shift_y_down=\u00a0\u00bb0&Prime; z_index=\u00a0\u00bb0&Prime; medium_width=\u00a0\u00bb0&Prime; align_mobile=\u00a0\u00bbalign_center_mobile\u00a0\u00bb mobile_width=\u00a0\u00bb0&Prime; width=\u00a0\u00bb1\/2&Prime; el_class=\u00a0\u00bbz-index-up\u00a0\u00bb]<div class=\"imk-price-widget \">\t<h4 class=\"imk-plan\">Pendant toute l\u2019ann\u00e9e<\/h4>\t<div class=\"imk-price\">\t\t<span class=\"imk-number\">24\/7<\/span>\t\t<span class=\"imk-interval\">Couverture<\/span>\t<\/div><\/div>[vc_column_text el_class=\u00a0\u00bbtext-pricing\u00a0\u00bb uncode_shortcode_id=\u00a0\u00bb103595&Prime;]Une couverture essentielle con\u00e7ue pour s\u2019adapter au budget de chaque famille! R\u00e9gimes de 1, 3 et 5 ans disponibles.[\/vc_column_text][vc_button button_color=\u00a0\u00bbcolor-198256&Prime; size=\u00a0\u00bbbtn-lg\u00a0\u00bb outline=\u00a0\u00bbyes\u00a0\u00bb border_width=\u00a0\u00bb0&Prime; link=\u00a0\u00bburl:%2Ffr%2Fnos-plans%2Fcomparer-les-plans%2F|||\u00a0\u00bb button_color_type=\u00a0\u00bbuncode-palette\u00a0\u00bb uncode_shortcode_id=\u00a0\u00bb199330&Prime;]SAVOIR PLUS[\/vc_button][\/vc_column][\/vc_row][vc_row row_height_percent=\u00a0\u00bb0&Prime; override_padding=\u00a0\u00bbyes\u00a0\u00bb h_padding=\u00a0\u00bb2&Prime; top_padding=\u00a0\u00bb5&Prime; bottom_padding=\u00a0\u00bb5&Prime; back_color=\u00a0\u00bbcolor-lxmt\u00a0\u00bb overlay_alpha=\u00a0\u00bb50&Prime; gutter_size=\u00a0\u00bb3&Prime; column_width_percent=\u00a0\u00bb100&Prime; shift_y=\u00a0\u00bb0&Prime; z_index=\u00a0\u00bb0&Prime;][vc_column column_width_percent=\u00a0\u00bb100&Prime; align_horizontal=\u00a0\u00bbalign_center\u00a0\u00bb gutter_size=\u00a0\u00bb3&Prime; overlay_alpha=\u00a0\u00bb50&Prime; shift_x=\u00a0\u00bb0&Prime; shift_y=\u00a0\u00bb0&Prime; shift_y_down=\u00a0\u00bb0&Prime; z_index=\u00a0\u00bb0&Prime; medium_width=\u00a0\u00bb0&Prime; mobile_width=\u00a0\u00bb0&Prime; width=\u00a0\u00bb1\/12&Prime;][\/vc_column][vc_column column_width_percent=\u00a0\u00bb100&Prime; align_horizontal=\u00a0\u00bbalign_center\u00a0\u00bb gutter_size=\u00a0\u00bb3&Prime; overlay_alpha=\u00a0\u00bb50&Prime; shift_x=\u00a0\u00bb0&Prime; shift_y=\u00a0\u00bb0&Prime; shift_y_down=\u00a0\u00bb0&Prime; z_index=\u00a0\u00bb0&Prime; medium_width=\u00a0\u00bb0&Prime; mobile_width=\u00a0\u00bb0&Prime; width=\u00a0\u00bb10\/12&Prime;][vc_custom_heading text_size=\u00a0\u00bbh1&Prime;]Assurance voyage pour \u00e9tudiants[\/vc_custom_heading][vc_custom_heading heading_semantic=\u00a0\u00bbh3&Prime; text_weight=\u00a0\u00bb400&Prime; el_class=\u00a0\u00bbmt-0&Prime;]Votre enfant participe\u2013t-il \u00e0 un voyage scolaire?[\/vc_custom_heading][vc_column_text]Nous offrons un plan d\u2019assurance voyage tout particulier pour \u00e9tudiants. Il aide \u00e0 prot\u00e9ger l\u2019investissement de voyage d\u2019un \u00e9tudiant contre les d\u00e9penses financi\u00e8res qui ne sont pas normalement couvertes sous son r\u00e9gime d\u2019assurance maladie gouvernementale. Il offre jusqu\u2019\u00e0 5 millions de dollars de couverture de Frais m\u00e9dicaux d\u2019urgence et beaucoup d\u2019autres indemnit\u00e9s incluant annulation et interruption de voyage, retard de voyage, perte de bagages et plus!<\/p>\n<p><strong>Pour en apprendre plus, visitez le site Web de l\u2019assurance voyage pour \u00e9tudiants.<\/strong>[\/vc_column_text][vc_button button_color=\u00a0\u00bbcolor-198256&Prime; size=\u00a0\u00bbbtn-lg\u00a0\u00bb border_width=\u00a0\u00bb0&Prime; link=\u00a0\u00bburl:https%3A%2F%2Fwww.getreliable.com%2Fdirect%2Flogin.aspx%3Fag%3DSAIIMKTIPS||target:%20_blank|\u00a0\u00bb]Visitez le site Web[\/vc_button][\/vc_column][vc_column width=\u00a0\u00bb1\/12&Prime;][\/vc_column][\/vc_row][vc_row][vc_column width=\u00a0\u00bb1\/1&Prime;][\/vc_column][\/vc_row]<\/p>\n<\/div>","protected":false},"excerpt":{"rendered":"<p>[vc_row row_height_percent=\u00a0\u00bb0&Prime; override_padding=\u00a0\u00bbyes\u00a0\u00bb h_padding=\u00a0\u00bb2&Prime; top_padding=\u00a0\u00bb5&Prime; bottom_padding=\u00a0\u00bb5&Prime; back_color=\u00a0\u00bbaccent\u00a0\u00bb back_image=\u00a0\u00bb3342&Prime; overlay_alpha=\u00a0\u00bb50&Prime; gutter_size=\u00a0\u00bb3&Prime; column_width_percent=\u00a0\u00bb100&Prime; shift_y=\u00a0\u00bb0&Prime; z_index=\u00a0\u00bb0&Prime; content_parallax=\u00a0\u00bb0&Prime; el_class=\u00a0\u00bbfull-height-header overflow-hidden\u00a0\u00bb uncode_shortcode_id=\u00a0\u00bb177629&Prime; back_color_type=\u00a0\u00bbuncode-palette\u00a0\u00bb][vc_column column_width_percent=\u00a0\u00bb100&Prime; position_vertical=\u00a0\u00bbmiddle\u00a0\u00bb [&hellip;]<\/p>\n","protected":false},"author":12,"featured_media":0,"parent":0,"menu_order":0,"comment_status":"closed","ping_status":"closed","template":"","meta":{"inline_featured_image":false,"footnotes":""},"class_list":["post-1127","page","type-page","status-publish","hentry"],"yoast_head":"<!-- This site is optimized with the Yoast SEO plugin v27.5 - https:\/\/yoast.com\/product\/yoast-seo-wordpress\/ -->\n<title>L&#039;assurance Accident \u00e9tudiant | Insuremykids<\/title>\n<meta name=\"robots\" content=\"noindex, follow, max-snippet:-1, max-image-preview:large, max-video-preview:-1\" \/>\n<meta property=\"og:locale\" content=\"fr_FR\" \/>\n<meta property=\"og:type\" content=\"article\" \/>\n<meta property=\"og:title\" content=\"L&#039;assurance Accident \u00e9tudiant | Insuremykids\" \/>\n<meta property=\"og:description\" content=\"[vc_row row_height_percent=\u00a0\u00bb0&Prime; override_padding=\u00a0\u00bbyes\u00a0\u00bb h_padding=\u00a0\u00bb2&Prime; top_padding=\u00a0\u00bb5&Prime; bottom_padding=\u00a0\u00bb5&Prime; back_color=\u00a0\u00bbaccent\u00a0\u00bb back_image=\u00a0\u00bb3342&Prime; overlay_alpha=\u00a0\u00bb50&Prime; gutter_size=\u00a0\u00bb3&Prime; column_width_percent=\u00a0\u00bb100&Prime; shift_y=\u00a0\u00bb0&Prime; z_index=\u00a0\u00bb0&Prime; content_parallax=\u00a0\u00bb0&Prime; el_class=\u00a0\u00bbfull-height-header overflow-hidden\u00a0\u00bb uncode_shortcode_id=\u00a0\u00bb177629&Prime; back_color_type=\u00a0\u00bbuncode-palette\u00a0\u00bb][vc_column column_width_percent=\u00a0\u00bb100&Prime; position_vertical=\u00a0\u00bbmiddle\u00a0\u00bb [&hellip;]\" \/>\n<meta property=\"og:url\" content=\"https:\/\/insuremykids.com\/fr\/\" \/>\n<meta property=\"og:site_name\" content=\"Insuremykids\" \/>\n<meta property=\"article:modified_time\" content=\"2025-10-01T18:25:56+00:00\" \/>\n<meta property=\"og:image\" content=\"https:\/\/insuremykids.com\/wp-content\/uploads\/2019\/07\/backpack.jpg\" \/>\n<meta name=\"twitter:card\" content=\"summary_large_image\" \/>\n<meta name=\"twitter:label1\" content=\"Dur\u00e9e de lecture estim\u00e9e\" \/>\n\t<meta name=\"twitter:data1\" content=\"3 minutes\" \/>\n<script type=\"application\/ld+json\" class=\"yoast-schema-graph\">{\"@context\":\"https:\\\/\\\/schema.org\",\"@graph\":[{\"@type\":\"WebPage\",\"@id\":\"https:\\\/\\\/insuremykids.com\\\/fr\\\/\",\"url\":\"https:\\\/\\\/insuremykids.com\\\/fr\\\/\",\"name\":\"L'assurance Accident \u00e9tudiant | Insuremykids\",\"isPartOf\":{\"@id\":\"https:\\\/\\\/insuremykids.com\\\/fr\\\/#website\"},\"primaryImageOfPage\":{\"@id\":\"https:\\\/\\\/insuremykids.com\\\/fr\\\/#primaryimage\"},\"image\":{\"@id\":\"https:\\\/\\\/insuremykids.com\\\/fr\\\/#primaryimage\"},\"thumbnailUrl\":\"https:\\\/\\\/insuremykids.com\\\/wp-content\\\/uploads\\\/2019\\\/07\\\/backpack.jpg\",\"datePublished\":\"2019-07-28T15:55:59+00:00\",\"dateModified\":\"2025-10-01T18:25:56+00:00\",\"breadcrumb\":{\"@id\":\"https:\\\/\\\/insuremykids.com\\\/fr\\\/#breadcrumb\"},\"inLanguage\":\"fr-FR\",\"potentialAction\":[{\"@type\":\"ReadAction\",\"target\":[\"https:\\\/\\\/insuremykids.com\\\/fr\\\/\"]}]},{\"@type\":\"ImageObject\",\"inLanguage\":\"fr-FR\",\"@id\":\"https:\\\/\\\/insuremykids.com\\\/fr\\\/#primaryimage\",\"url\":\"https:\\\/\\\/insuremykids.com\\\/wp-content\\\/uploads\\\/2019\\\/07\\\/backpack.jpg\",\"contentUrl\":\"https:\\\/\\\/insuremykids.com\\\/wp-content\\\/uploads\\\/2019\\\/07\\\/backpack.jpg\"},{\"@type\":\"BreadcrumbList\",\"@id\":\"https:\\\/\\\/insuremykids.com\\\/fr\\\/#breadcrumb\",\"itemListElement\":[{\"@type\":\"ListItem\",\"position\":1,\"name\":\"Home\",\"item\":\"https:\\\/\\\/insuremykids.com\\\/fr\\\/\"},{\"@type\":\"ListItem\",\"position\":2,\"name\":\"Accueil\"}]},{\"@type\":\"WebSite\",\"@id\":\"https:\\\/\\\/insuremykids.com\\\/fr\\\/#website\",\"url\":\"https:\\\/\\\/insuremykids.com\\\/fr\\\/\",\"name\":\"Insuremykids\",\"description\":\"\",\"potentialAction\":[{\"@type\":\"SearchAction\",\"target\":{\"@type\":\"EntryPoint\",\"urlTemplate\":\"https:\\\/\\\/insuremykids.com\\\/fr\\\/?s={search_term_string}\"},\"query-input\":{\"@type\":\"PropertyValueSpecification\",\"valueRequired\":true,\"valueName\":\"search_term_string\"}}],\"inLanguage\":\"fr-FR\"}]}<\/script>\n<!-- \/ Yoast SEO plugin. -->","yoast_head_json":{"title":"L'assurance Accident \u00e9tudiant | Insuremykids","robots":{"index":"noindex","follow":"follow","max-snippet":"max-snippet:-1","max-image-preview":"max-image-preview:large","max-video-preview":"max-video-preview:-1"},"og_locale":"fr_FR","og_type":"article","og_title":"L'assurance Accident \u00e9tudiant | Insuremykids","og_description":"[vc_row row_height_percent=\u00a0\u00bb0&Prime; override_padding=\u00a0\u00bbyes\u00a0\u00bb h_padding=\u00a0\u00bb2&Prime; top_padding=\u00a0\u00bb5&Prime; bottom_padding=\u00a0\u00bb5&Prime; back_color=\u00a0\u00bbaccent\u00a0\u00bb back_image=\u00a0\u00bb3342&Prime; overlay_alpha=\u00a0\u00bb50&Prime; gutter_size=\u00a0\u00bb3&Prime; column_width_percent=\u00a0\u00bb100&Prime; shift_y=\u00a0\u00bb0&Prime; z_index=\u00a0\u00bb0&Prime; content_parallax=\u00a0\u00bb0&Prime; el_class=\u00a0\u00bbfull-height-header overflow-hidden\u00a0\u00bb uncode_shortcode_id=\u00a0\u00bb177629&Prime; back_color_type=\u00a0\u00bbuncode-palette\u00a0\u00bb][vc_column column_width_percent=\u00a0\u00bb100&Prime; position_vertical=\u00a0\u00bbmiddle\u00a0\u00bb [&hellip;]","og_url":"https:\/\/insuremykids.com\/fr\/","og_site_name":"Insuremykids","article_modified_time":"2025-10-01T18:25:56+00:00","og_image":[{"url":"https:\/\/insuremykids.com\/wp-content\/uploads\/2019\/07\/backpack.jpg","type":"","width":"","height":""}],"twitter_card":"summary_large_image","twitter_misc":{"Dur\u00e9e de lecture estim\u00e9e":"3 minutes"},"schema":{"@context":"https:\/\/schema.org","@graph":[{"@type":"WebPage","@id":"https:\/\/insuremykids.com\/fr\/","url":"https:\/\/insuremykids.com\/fr\/","name":"L'assurance Accident \u00e9tudiant | Insuremykids","isPartOf":{"@id":"https:\/\/insuremykids.com\/fr\/#website"},"primaryImageOfPage":{"@id":"https:\/\/insuremykids.com\/fr\/#primaryimage"},"image":{"@id":"https:\/\/insuremykids.com\/fr\/#primaryimage"},"thumbnailUrl":"https:\/\/insuremykids.com\/wp-content\/uploads\/2019\/07\/backpack.jpg","datePublished":"2019-07-28T15:55:59+00:00","dateModified":"2025-10-01T18:25:56+00:00","breadcrumb":{"@id":"https:\/\/insuremykids.com\/fr\/#breadcrumb"},"inLanguage":"fr-FR","potentialAction":[{"@type":"ReadAction","target":["https:\/\/insuremykids.com\/fr\/"]}]},{"@type":"ImageObject","inLanguage":"fr-FR","@id":"https:\/\/insuremykids.com\/fr\/#primaryimage","url":"https:\/\/insuremykids.com\/wp-content\/uploads\/2019\/07\/backpack.jpg","contentUrl":"https:\/\/insuremykids.com\/wp-content\/uploads\/2019\/07\/backpack.jpg"},{"@type":"BreadcrumbList","@id":"https:\/\/insuremykids.com\/fr\/#breadcrumb","itemListElement":[{"@type":"ListItem","position":1,"name":"Home","item":"https:\/\/insuremykids.com\/fr\/"},{"@type":"ListItem","position":2,"name":"Accueil"}]},{"@type":"WebSite","@id":"https:\/\/insuremykids.com\/fr\/#website","url":"https:\/\/insuremykids.com\/fr\/","name":"Insuremykids","description":"","potentialAction":[{"@type":"SearchAction","target":{"@type":"EntryPoint","urlTemplate":"https:\/\/insuremykids.com\/fr\/?s={search_term_string}"},"query-input":{"@type":"PropertyValueSpecification","valueRequired":true,"valueName":"search_term_string"}}],"inLanguage":"fr-FR"}]}},"_links":{"self":[{"href":"https:\/\/insuremykids.com\/fr\/wp-json\/wp\/v2\/pages\/1127","targetHints":{"allow":["GET"]}}],"collection":[{"href":"https:\/\/insuremykids.com\/fr\/wp-json\/wp\/v2\/pages"}],"about":[{"href":"https:\/\/insuremykids.com\/fr\/wp-json\/wp\/v2\/types\/page"}],"author":[{"embeddable":true,"href":"https:\/\/insuremykids.com\/fr\/wp-json\/wp\/v2\/users\/12"}],"replies":[{"embeddable":true,"href":"https:\/\/insuremykids.com\/fr\/wp-json\/wp\/v2\/comments?post=1127"}],"version-history":[{"count":56,"href":"https:\/\/insuremykids.com\/fr\/wp-json\/wp\/v2\/pages\/1127\/revisions"}],"predecessor-version":[{"id":3434,"href":"https:\/\/insuremykids.com\/fr\/wp-json\/wp\/v2\/pages\/1127\/revisions\/3434"}],"wp:attachment":[{"href":"https:\/\/insuremykids.com\/fr\/wp-json\/wp\/v2\/media?parent=1127"}],"curies":[{"name":"wp","href":"https:\/\/api.w.org\/{rel}","templated":true}]}}